{"id":100,"date":"2025-10-29T10:59:30","date_gmt":"2025-10-29T10:59:30","guid":{"rendered":"https:\/\/comliker.com\/?page_id=100"},"modified":"2025-11-18T08:55:36","modified_gmt":"2025-11-18T08:55:36","slug":"lien-he","status":"publish","type":"page","link":"https:\/\/comliker.com\/vi\/lien-he\/","title":{"rendered":"Li\u00ean h\u1ec7"},"content":{"rendered":"<div data-elementor-type=\"wp-page\" data-elementor-id=\"100\" class=\"elementor elementor-100\" data-elementor-post-type=\"page\">\n\t\t\t\t<div class=\"elementor-element elementor-element-4abc9cdd e-flex e-con-boxed e-con e-parent\" data-id=\"4abc9cdd\" data-element_type=\"container\" data-settings=\"{&quot;background_background&quot;:&quot;classic&quot;}\">\n\t\t\t\t\t<div class=\"e-con-inner\">\n\t\t\t\t<div class=\"elementor-element elementor-element-14ef260 elementor-invisible elementor-widget elementor-widget-heading\" data-id=\"14ef260\" data-element_type=\"widget\" data-settings=\"{&quot;_animation&quot;:&quot;fadeInUp&quot;}\" data-widget_type=\"heading.default\">\n\t\t\t\t\t<h2 class=\"elementor-heading-title elementor-size-default\">Li\u00ean h\u1ec7<\/h2>\t\t\t\t<\/div>\n\t\t\t\t<div class=\"elementor-element elementor-element-f324cd4 elementor-widget elementor-widget-text-editor\" data-id=\"f324cd4\" data-element_type=\"widget\" data-widget_type=\"text-editor.default\">\n\t\t\t\t\t\t\t\t\t<p><a href=\"#\">Trang ch\u1ee7<\/a> \u2013 Li\u00ean h\u1ec7<\/p>\t\t\t\t\t\t\t\t<\/div>\n\t\t\t\t\t<\/div>\n\t\t\t\t<\/div>\n\t\t\t\t<\/div>","protected":false},"excerpt":{"rendered":"<p>Contact Home &#8211; Contact<\/p>","protected":false},"author":1,"featured_media":0,"parent":0,"menu_order":0,"comment_status":"closed","ping_status":"closed","template":"elementor_header_footer","meta":{"_acf_changed":false,"footnotes":""},"class_list":["post-100","page","type-page","status-publish","hentry"],"acf":[],"yoast_head":"<!-- This site is optimized with the Yoast SEO plugin v26.5 - https:\/\/yoast.com\/wordpress\/plugins\/seo\/ -->\n<title>Order Car Film Now Get in Touch! comliker.com<\/title>\n<meta name=\"description\" content=\"Do you want to know TPU PPF film catalog and price? Get a quote from Comliker Manufacturer.\" \/>\n<meta name=\"robots\" content=\"index, follow, max-snippet:-1, max-image-preview:large, max-video-preview:-1\" \/>\n<link rel=\"canonical\" href=\"https:\/\/comliker.com\/vi\/lien-he\/\" \/>\n<meta property=\"og:locale\" content=\"vi_VN\" \/>\n<meta property=\"og:type\" content=\"article\" \/>\n<meta property=\"og:title\" content=\"Order Car Film Now Get in Touch! comliker.com\" \/>\n<meta property=\"og:description\" content=\"Do you want to know TPU PPF film catalog and price? Get a quote from Comliker Manufacturer.\" \/>\n<meta property=\"og:url\" content=\"https:\/\/comliker.com\/vi\/lien-he\/\" \/>\n<meta property=\"og:site_name\" content=\"comliker.com\" \/>\n<meta property=\"article:modified_time\" content=\"2025-11-18T08:55:36+00:00\" \/>\n<meta name=\"twitter:card\" content=\"summary_large_image\" \/>\n<meta name=\"twitter:label1\" content=\"\u01af\u1edbc t\u00ednh th\u1eddi gian \u0111\u1ecdc\" \/>\n\t<meta name=\"twitter:data1\" content=\"1 ph\u00fat\" \/>\n<script type=\"application\/ld+json\" class=\"yoast-schema-graph\">{\"@context\":\"https:\/\/schema.org\",\"@graph\":[{\"@type\":\"WebPage\",\"@id\":\"https:\/\/comliker.com\/contact\/\",\"url\":\"https:\/\/comliker.com\/contact\/\",\"name\":\"Order Car Film Now Get in Touch! comliker.com\",\"isPartOf\":{\"@id\":\"https:\/\/comliker.com\/#website\"},\"datePublished\":\"2025-10-29T10:59:30+00:00\",\"dateModified\":\"2025-11-18T08:55:36+00:00\",\"description\":\"Do you want to know TPU PPF film catalog and price? Get a quote from Comliker Manufacturer.\",\"breadcrumb\":{\"@id\":\"https:\/\/comliker.com\/contact\/#breadcrumb\"},\"inLanguage\":\"vi\",\"potentialAction\":[{\"@type\":\"ReadAction\",\"target\":[\"https:\/\/comliker.com\/contact\/\"]}]},{\"@type\":\"BreadcrumbList\",\"@id\":\"https:\/\/comliker.com\/contact\/#breadcrumb\",\"itemListElement\":[{\"@type\":\"ListItem\",\"position\":1,\"name\":\"Home\",\"item\":\"https:\/\/comliker.com\/\"},{\"@type\":\"ListItem\",\"position\":2,\"name\":\"Contact\"}]},{\"@type\":\"WebSite\",\"@id\":\"https:\/\/comliker.com\/#website\",\"url\":\"https:\/\/comliker.com\/\",\"name\":\"comliker.com\",\"description\":\"\",\"publisher\":{\"@id\":\"https:\/\/comliker.com\/#organization\"},\"potentialAction\":[{\"@type\":\"SearchAction\",\"target\":{\"@type\":\"EntryPoint\",\"urlTemplate\":\"https:\/\/comliker.com\/?s={search_term_string}\"},\"query-input\":{\"@type\":\"PropertyValueSpecification\",\"valueRequired\":true,\"valueName\":\"search_term_string\"}}],\"inLanguage\":\"vi\"},{\"@type\":\"Organization\",\"@id\":\"https:\/\/comliker.com\/#organization\",\"name\":\"comliker.com\",\"url\":\"https:\/\/comliker.com\/\",\"logo\":{\"@type\":\"ImageObject\",\"inLanguage\":\"vi\",\"@id\":\"https:\/\/comliker.com\/#\/schema\/logo\/image\/\",\"url\":\"https:\/\/comliker.com\/wp-content\/uploads\/2025\/11\/logo.png\",\"contentUrl\":\"https:\/\/comliker.com\/wp-content\/uploads\/2025\/11\/logo.png\",\"width\":800,\"height\":255,\"caption\":\"comliker.com\"},\"image\":{\"@id\":\"https:\/\/comliker.com\/#\/schema\/logo\/image\/\"}}]}<\/script>\n<!-- \/ Yoast SEO plugin. -->","yoast_head_json":{"title":"\u0110\u1eb7t h\u00e0ng phim c\u00e1ch nhi\u1ec7t \u00f4 t\u00f4 ngay Li\u00ean h\u1ec7 ngay! comliker.com","description":"B\u1ea1n c\u00f3 mu\u1ed1n bi\u1ebft v\u1ec1 danh m\u1ee5c s\u1ea3n ph\u1ea9m v\u00e0 gi\u00e1 c\u1ee7a phim TPU PPF kh\u00f4ng? H\u00e3y y\u00eau c\u1ea7u b\u00e1o gi\u00e1 t\u1eeb nh\u00e0 s\u1ea3n xu\u1ea5t Comliker.","robots":{"index":"index","follow":"follow","max-snippet":"max-snippet:-1","max-image-preview":"max-image-preview:large","max-video-preview":"max-video-preview:-1"},"canonical":"https:\/\/comliker.com\/vi\/lien-he\/","og_locale":"vi_VN","og_type":"article","og_title":"Order Car Film Now Get in Touch! comliker.com","og_description":"Do you want to know TPU PPF film catalog and price? Get a quote from Comliker Manufacturer.","og_url":"https:\/\/comliker.com\/vi\/lien-he\/","og_site_name":"comliker.com","article_modified_time":"2025-11-18T08:55:36+00:00","twitter_card":"summary_large_image","twitter_misc":{"\u01af\u1edbc t\u00ednh th\u1eddi gian \u0111\u1ecdc":"1 ph\u00fat"},"schema":{"@context":"https:\/\/schema.org","@graph":[{"@type":"WebPage","@id":"https:\/\/comliker.com\/contact\/","url":"https:\/\/comliker.com\/contact\/","name":"\u0110\u1eb7t h\u00e0ng phim c\u00e1ch nhi\u1ec7t \u00f4 t\u00f4 ngay Li\u00ean h\u1ec7 ngay! comliker.com","isPartOf":{"@id":"https:\/\/comliker.com\/#website"},"datePublished":"2025-10-29T10:59:30+00:00","dateModified":"2025-11-18T08:55:36+00:00","description":"B\u1ea1n c\u00f3 mu\u1ed1n bi\u1ebft v\u1ec1 danh m\u1ee5c s\u1ea3n ph\u1ea9m v\u00e0 gi\u00e1 c\u1ee7a phim TPU PPF kh\u00f4ng? H\u00e3y y\u00eau c\u1ea7u b\u00e1o gi\u00e1 t\u1eeb nh\u00e0 s\u1ea3n xu\u1ea5t Comliker.","breadcrumb":{"@id":"https:\/\/comliker.com\/contact\/#breadcrumb"},"inLanguage":"vi","potentialAction":[{"@type":"ReadAction","target":["https:\/\/comliker.com\/contact\/"]}]},{"@type":"BreadcrumbList","@id":"https:\/\/comliker.com\/contact\/#breadcrumb","itemListElement":[{"@type":"ListItem","position":1,"name":"Home","item":"https:\/\/comliker.com\/"},{"@type":"ListItem","position":2,"name":"Contact"}]},{"@type":"WebSite","@id":"https:\/\/comliker.com\/#website","url":"https:\/\/comliker.com\/","name":"comliker.com","description":"","publisher":{"@id":"https:\/\/comliker.com\/#organization"},"potentialAction":[{"@type":"SearchAction","target":{"@type":"EntryPoint","urlTemplate":"https:\/\/comliker.com\/?s={search_term_string}"},"query-input":{"@type":"PropertyValueSpecification","valueRequired":true,"valueName":"search_term_string"}}],"inLanguage":"vi"},{"@type":"Organization","@id":"https:\/\/comliker.com\/#organization","name":"comliker.com","url":"https:\/\/comliker.com\/","logo":{"@type":"ImageObject","inLanguage":"vi","@id":"https:\/\/comliker.com\/#\/schema\/logo\/image\/","url":"https:\/\/comliker.com\/wp-content\/uploads\/2025\/11\/logo.png","contentUrl":"https:\/\/comliker.com\/wp-content\/uploads\/2025\/11\/logo.png","width":800,"height":255,"caption":"comliker.com"},"image":{"@id":"https:\/\/comliker.com\/#\/schema\/logo\/image\/"}}]}},"_hostinger_reach_plugin_has_subscription_block":false,"_hostinger_reach_plugin_is_elementor":false,"_links":{"self":[{"href":"https:\/\/comliker.com\/vi\/wp-json\/wp\/v2\/pages\/100","targetHints":{"allow":["GET"]}}],"collection":[{"href":"https:\/\/comliker.com\/vi\/wp-json\/wp\/v2\/pages"}],"about":[{"href":"https:\/\/comliker.com\/vi\/wp-json\/wp\/v2\/types\/page"}],"author":[{"embeddable":true,"href":"https:\/\/comliker.com\/vi\/wp-json\/wp\/v2\/users\/1"}],"replies":[{"embeddable":true,"href":"https:\/\/comliker.com\/vi\/wp-json\/wp\/v2\/comments?post=100"}],"version-history":[{"count":11,"href":"https:\/\/comliker.com\/vi\/wp-json\/wp\/v2\/pages\/100\/revisions"}],"predecessor-version":[{"id":731,"href":"https:\/\/comliker.com\/vi\/wp-json\/wp\/v2\/pages\/100\/revisions\/731"}],"wp:attachment":[{"href":"https:\/\/comliker.com\/vi\/wp-json\/wp\/v2\/media?parent=100"}],"curies":[{"name":"wp","href":"https:\/\/api.w.org\/{rel}","templated":true}]}}