{"id":1385,"date":"2025-11-29T04:41:17","date_gmt":"2025-11-29T04:41:17","guid":{"rendered":"https:\/\/comliker.com\/?page_id=1385"},"modified":"2025-11-29T05:29:50","modified_gmt":"2025-11-29T05:29:50","slug":"integritetspolicy-2","status":"publish","type":"page","link":"https:\/\/comliker.com\/sv\/integritetspolicy-2\/","title":{"rendered":"Integritetspolicy"},"content":{"rendered":"<div class=\"auto-hide-last-sibling-br paragraph-pP9ZLC paragraph-element br-paragraph-space\">\n<h2>1. Inledning<\/h2>\n<\/div>\n<div class=\"auto-hide-last-sibling-br paragraph-pP9ZLC paragraph-element br-paragraph-space\">COMLIKER (\u201cvi\u201d, \u201coss\u201d, \u201cv\u00e5r\u201d) har \u00e5tagit sig att skydda integriteten och s\u00e4kerheten f\u00f6r din personliga information. Denna integritetspolicy f\u00f6rklarar hur vi samlar in, anv\u00e4nder, avsl\u00f6jar, lagrar och skyddar personuppgifter som erh\u00e5lls via v\u00e5r webbplats (<a class=\"link-bJL8ai\" href=\"https:\/\/comliker.com\/sv\/\" target=\"_blank\" rel=\"noopener\">https:\/\/comliker.com\/<\/a>, (\u201cWebbplatsen\u201d), samt i samband med v\u00e5ra aff\u00e4rsrelationer (inklusive orderl\u00e4ggning, produktf\u00f6rfr\u00e5gningar och kundsupport).<\/div>\n<div class=\"container-Uxvbjy md-box-line-break wrapper-GYqxgQ undefined\"><\/div>\n<div class=\"auto-hide-last-sibling-br paragraph-pP9ZLC paragraph-element br-paragraph-space\">Genom att g\u00e5 in p\u00e5 webbplatsen, anv\u00e4nda v\u00e5ra tj\u00e4nster eller l\u00e4mna personuppgifter till oss samtycker du till de rutiner som beskrivs i denna integritetspolicy, med eventuella \u00e4ndringar fr\u00e5n tid till annan. Vi f\u00f6ljer g\u00e4llande dataskyddslagar, inklusive men inte begr\u00e4nsat till den allm\u00e4nna dataskyddsf\u00f6rordningen (GDPR) f\u00f6r EU-medborgare och relevanta kinesiska dataskyddsbest\u00e4mmelser.<\/div>\n<h2 class=\"header-iWP5WJ auto-hide-last-sibling-br\">2. Vilken personlig information vi samlar in<\/h2>\n<h3 class=\"header-iWP5WJ auto-hide-last-sibling-br\">2.1 Information som du tillhandah\u00e5ller frivilligt<\/h3>\n<div class=\"auto-hide-last-sibling-br paragraph-pP9ZLC paragraph-element br-paragraph-space\">Vi samlar in personuppgifter som du v\u00e4ljer att l\u00e4mna till oss, inklusive:<\/div>\n<div class=\"container-Uxvbjy md-box-line-break wrapper-GYqxgQ undefined\"><\/div>\n<ul class=\"auto-hide-last-sibling-br\">\n<li><strong>Kontaktuppgifter<\/strong>: Namn, f\u00f6retagsnamn, e-postadress, telefonnummer, postadress och andra kontaktuppgifter (t.ex. WhatsApp\/WeChat-ID) n\u00e4r du fr\u00e5gar om produkter, beg\u00e4r en offert, g\u00f6r en best\u00e4llning eller kontaktar v\u00e5r kundsupport.<\/li>\n<li><strong>Information om f\u00f6retag<\/strong>: F\u00f6retagsregistreringsuppgifter, skatteregistreringsnummer, leverans- och mottagningsadresser samt betalningsuppgifter (t.ex. bankkontouppgifter, uppgifter om remburs) f\u00f6r orderhantering och betalningshantering.<\/li>\n<li><strong>Kommunikationsdata<\/strong>: Inneh\u00e5ll i e-postmeddelanden, samtal eller chattmeddelanden mellan dig och v\u00e5rt team (t.ex. produktspecifikationer, orderkrav, garantianspr\u00e5k).<\/li>\n<li><strong>Anv\u00e4ndargenererat inneh\u00e5ll<\/strong>: Feedback, recensioner eller vittnesm\u00e5l som du l\u00e4mnar om v\u00e5ra produkter\/tj\u00e4nster (om du v\u00e4ljer att ange ditt namn\/f\u00f6retagstillh\u00f6righet).<\/li>\n<\/ul>\n<h3 class=\"header-iWP5WJ auto-hide-last-sibling-br\">2.2 Information som samlas in automatiskt<\/h3>\n<div class=\"auto-hide-last-sibling-br paragraph-pP9ZLC paragraph-element br-paragraph-space\">N\u00e4r du bes\u00f6ker webbplatsen kan vi automatiskt samla in icke-identifierbar eller pseudonym information genom cookies och liknande sp\u00e5rningstekniker, inklusive:<\/div>\n<div class=\"container-Uxvbjy md-box-line-break wrapper-GYqxgQ undefined\"><\/div>\n<ul class=\"auto-hide-last-sibling-br\">\n<li>IP-adress, typ och version av webbl\u00e4sare, enhetsinformation (t.ex. operativsystem, sk\u00e4rmuppl\u00f6sning);<\/li>\n<li>Sidor p\u00e5 webbplatsen som du bes\u00f6ker, tid som tillbringas p\u00e5 webbplatsen och navigeringsm\u00f6nster;<\/li>\n<li>H\u00e4nvisningsk\u00e4lla (t.ex. webbplats som l\u00e4nkade dig till v\u00e5r webbplats).<\/li>\n<\/ul>\n<div class=\"container-Uxvbjy md-box-line-break wrapper-GYqxgQ undefined\"><\/div>\n<div class=\"auto-hide-last-sibling-br paragraph-pP9ZLC paragraph-element br-paragraph-space\">Dessa uppgifter anv\u00e4nds endast f\u00f6r att f\u00f6rb\u00e4ttra funktionaliteten och anv\u00e4ndarupplevelsen p\u00e5 webbplatsen och identifierar inte dig personligen om de inte kombineras med andra personuppgifter.<\/div>\n<h2 class=\"header-iWP5WJ auto-hide-last-sibling-br\">3. Hur vi anv\u00e4nder din personliga information<\/h2>\n<div class=\"auto-hide-last-sibling-br paragraph-pP9ZLC paragraph-element br-paragraph-space\">Vi anv\u00e4nder din personliga information f\u00f6r f\u00f6ljande legitima aff\u00e4rs\u00e4ndam\u00e5l:<\/div>\n<div class=\"container-Uxvbjy md-box-line-break wrapper-GYqxgQ undefined\"><\/div>\n<ol class=\"auto-hide-last-sibling-br\">\n<li><strong>Orderhantering och leverans<\/strong>: F\u00f6r att behandla dina best\u00e4llningar, verifiera betalningsuppgifter, ordna frakt\/leverans och tillhandah\u00e5lla uppdateringar om best\u00e4llningsstatus.<\/li>\n<li><strong>Kundtj\u00e4nst<\/strong>: F\u00f6r att svara p\u00e5 dina f\u00f6rfr\u00e5gningar, l\u00f6sa problem, behandla garantianspr\u00e5k och tillhandah\u00e5lla support efter f\u00f6rs\u00e4ljning.<\/li>\n<li><strong>F\u00f6retagskommunikation<\/strong>: F\u00f6r att skicka dig offerter, produktkataloger, fakturor och uppdateringar relaterade till dina best\u00e4llningar eller v\u00e5ra produkter\/tj\u00e4nster (du kan n\u00e4r som helst v\u00e4lja bort icke-n\u00f6dv\u00e4ndig reklamkommunikation).<\/li>\n<li><strong>F\u00f6rb\u00e4ttring av webbplatsen<\/strong>: F\u00f6r att analysera anv\u00e4ndningsdata, optimera webbplatsens design och funktionalitet och s\u00e4kerst\u00e4lla s\u00e4kerheten f\u00f6r v\u00e5ra onlinetj\u00e4nster.<\/li>\n<li><strong>Efterlevnad av r\u00e4ttsliga f\u00f6rpliktelser<\/strong>: F\u00f6r att f\u00f6lja till\u00e4mpliga lagar, f\u00f6rordningar eller r\u00e4ttsliga processer (t.ex. skatterapportering, tullkrav, svara p\u00e5 lagliga f\u00f6rfr\u00e5gningar fr\u00e5n myndigheter).<\/li>\n<li><strong>Legitima aff\u00e4rsintressen<\/strong>: F\u00f6r att hantera v\u00e5ra aff\u00e4rsrelationer, f\u00f6rhindra bedr\u00e4gerier eller obeh\u00f6riga aktiviteter och uppr\u00e4tth\u00e5lla integriteten i v\u00e5r verksamhet.<\/li>\n<\/ol>\n<div class=\"container-Uxvbjy md-box-line-break wrapper-GYqxgQ undefined\"><\/div>\n<div class=\"auto-hide-last-sibling-br paragraph-pP9ZLC paragraph-element br-paragraph-space\">Vi kommer inte att anv\u00e4nda din personliga information f\u00f6r n\u00e5got \u00e4ndam\u00e5l som inte anges i denna integritetspolicy utan ditt f\u00f6reg\u00e5ende samtycke.<\/div>\n<h2 class=\"header-iWP5WJ auto-hide-last-sibling-br\">4. Utl\u00e4mnande av din personliga information<\/h2>\n<div class=\"auto-hide-last-sibling-br paragraph-pP9ZLC paragraph-element br-paragraph-space\">Vi s\u00e4ljer, hyr ut eller byter inte dina personuppgifter till tredje part f\u00f6r marknadsf\u00f6rings\u00e4ndam\u00e5l. Vi kan l\u00e4mna ut dina personuppgifter endast under f\u00f6ljande omst\u00e4ndigheter:<\/div>\n<div class=\"container-Uxvbjy md-box-line-break wrapper-GYqxgQ undefined\"><\/div>\n<ol class=\"auto-hide-last-sibling-br\">\n<li><strong>Tj\u00e4nsteleverant\u00f6rer<\/strong>: Till tredjepartsleverant\u00f6rer som hj\u00e4lper oss med orderhantering, frakt, betalningshantering, IT-support eller marknadsf\u00f6ring (t.ex. logistikf\u00f6retag, betalningsgateways, e-postleverant\u00f6rer). Dessa leverant\u00f6rer \u00e4r avtalsenligt skyldiga att skydda dina personuppgifter och f\u00e5r endast anv\u00e4nda dem f\u00f6r att utf\u00f6ra tj\u00e4nster f\u00f6r v\u00e5r r\u00e4kning.<\/li>\n<li><strong>R\u00e4ttsliga krav<\/strong>: N\u00e4r det kr\u00e4vs enligt lag, f\u00f6rordning, domstolsbeslut eller myndighet, eller f\u00f6r att skydda v\u00e5ra r\u00e4ttigheter, egendom eller s\u00e4kerhet, eller andras r\u00e4ttigheter\/s\u00e4kerhet.<\/li>\n<li><strong>\u00d6verf\u00f6ring av verksamhet<\/strong>: Vid fusion, f\u00f6rv\u00e4rv, f\u00f6rs\u00e4ljning av tillg\u00e5ngar eller annan omstrukturering av f\u00f6retag kan dina personuppgifter komma att \u00f6verf\u00f6ras till den eftertr\u00e4dande enheten (vi kommer att meddela dig om s\u00e5dan \u00f6verf\u00f6ring och se till att den eftertr\u00e4dande enheten f\u00f6ljer denna integritetspolicy).<\/li>\n<li><strong>Med ditt samtycke<\/strong>: Med ditt uttryckliga skriftliga medgivande att l\u00e4mna ut information till en specifik tredje part (t.ex. din utsedda logistikpartner eller agent).<\/li>\n<\/ol>\n<h2 class=\"header-iWP5WJ auto-hide-last-sibling-br\">5. Bevarande av uppgifter<\/h2>\n<div class=\"auto-hide-last-sibling-br paragraph-pP9ZLC paragraph-element br-paragraph-space\">Vi beh\u00e5ller dina personuppgifter endast s\u00e5 l\u00e4nge som det \u00e4r n\u00f6dv\u00e4ndigt f\u00f6r att uppfylla de syften f\u00f6r vilka de samlades in, eller enligt vad som kr\u00e4vs enligt lag.<\/div>\n<div class=\"container-Uxvbjy md-box-line-break wrapper-GYqxgQ undefined\"><\/div>\n<ul class=\"auto-hide-last-sibling-br\">\n<li><strong>Order\/Transaktionsdata<\/strong>: Bevaras i 7 \u00e5r efter att din transaktion har slutf\u00f6rts (f\u00f6r att f\u00f6lja skatte- och redovisningsbest\u00e4mmelser).<\/li>\n<li><strong>Data om kundsupport<\/strong>: Bevaras i 2 \u00e5r efter att din f\u00f6rfr\u00e5gan\/beg\u00e4ran har l\u00f6sts.<\/li>\n<li><strong>Data om webbplatsanv\u00e4ndning<\/strong>: Lagras i anonymiserad form i upp till 1 \u00e5r f\u00f6r analys\u00e4ndam\u00e5l.<\/li>\n<\/ul>\n<div class=\"container-Uxvbjy md-box-line-break wrapper-GYqxgQ undefined\"><\/div>\n<div class=\"auto-hide-last-sibling-br paragraph-pP9ZLC paragraph-element br-paragraph-space\">N\u00e4r lagringstiden har l\u00f6pt ut kommer vi att radera eller anonymisera dina personuppgifter p\u00e5 ett s\u00e4kert s\u00e4tt f\u00f6r att f\u00f6rhindra identifiering.<\/div>\n<h2 class=\"header-iWP5WJ auto-hide-last-sibling-br\">6. Datas\u00e4kerhet<\/h2>\n<div class=\"auto-hide-last-sibling-br paragraph-pP9ZLC paragraph-element br-paragraph-space\">Vi genomf\u00f6r l\u00e4mpliga tekniska och organisatoriska s\u00e4kerhets\u00e5tg\u00e4rder f\u00f6r att skydda dina personuppgifter mot obeh\u00f6rig \u00e5tkomst, avsl\u00f6jande, \u00e4ndring eller f\u00f6rst\u00f6relse. Dessa \u00e5tg\u00e4rder inkluderar:<\/div>\n<div class=\"container-Uxvbjy md-box-line-break wrapper-GYqxgQ undefined\"><\/div>\n<ul class=\"auto-hide-last-sibling-br\">\n<li>S\u00e4ker lagring av elektroniska data (krypterade servrar, \u00e5tkomstkontroll);<\/li>\n<li>Regelbundna s\u00e4kerhetsrevisioner och uppdateringar av v\u00e5ra IT-system;<\/li>\n<li>Utbildning f\u00f6r v\u00e5r personal om dataskyddspraxis;<\/li>\n<li>Begr\u00e4nsning av \u00e5tkomst till personlig information till endast beh\u00f6rig personal.<\/li>\n<\/ul>\n<div class=\"container-Uxvbjy md-box-line-break wrapper-GYqxgQ undefined\"><\/div>\n<div class=\"auto-hide-last-sibling-br paragraph-pP9ZLC paragraph-element br-paragraph-space\">Vi vidtar rimliga \u00e5tg\u00e4rder f\u00f6r att skydda din information, men ingen metod f\u00f6r \u00f6verf\u00f6ring via internet eller elektronisk lagring \u00e4r 100% s\u00e4ker. Vi kan inte garantera absolut s\u00e4kerhet, men vi kommer omedelbart att meddela dig och relevanta myndigheter om eventuella dataintr\u00e5ng om det kr\u00e4vs enligt lag.<\/div>\n<h2 class=\"header-iWP5WJ auto-hide-last-sibling-br\">7. Dina r\u00e4ttigheter (f\u00f6r personer bosatta inom EU\/EES och andra ber\u00e4ttigade anv\u00e4ndare)<\/h2>\n<div class=\"auto-hide-last-sibling-br paragraph-pP9ZLC paragraph-element br-paragraph-space\">Om du \u00e4r bosatt inom EU\/EES eller omfattas av till\u00e4mpliga dataskyddslagar (t.ex. GDPR) har du f\u00f6ljande r\u00e4ttigheter avseende dina personuppgifter:<\/div>\n<div class=\"container-Uxvbjy md-box-line-break wrapper-GYqxgQ undefined\"><\/div>\n<ol class=\"auto-hide-last-sibling-br\">\n<li><strong>R\u00e4tt till tillg\u00e5ng<\/strong>: Beg\u00e4r en kopia av de personuppgifter som vi har om dig.<\/li>\n<li><strong>R\u00e4tt till r\u00e4ttelse<\/strong>: beg\u00e4ra r\u00e4ttelse av felaktig eller ofullst\u00e4ndig personlig information.<\/li>\n<li><strong>R\u00e4tt till radering<\/strong>: Beg\u00e4ra radering av dina personuppgifter (d\u00e4r vi inte l\u00e4ngre har n\u00e5gon r\u00e4ttslig grund f\u00f6r att beh\u00e5lla dem).<\/li>\n<li><strong>R\u00e4tt till begr\u00e4nsning av behandling<\/strong>: Beg\u00e4ra att vi begr\u00e4nsar behandlingen av dina personuppgifter (t.ex. medan vi kontrollerar att uppgifterna \u00e4r korrekta).<\/li>\n<li><strong>R\u00e4tt till dataportabilitet<\/strong>: Beg\u00e4ra en kopia av dina personuppgifter i ett maskinl\u00e4sbart format (om det \u00e4r tekniskt m\u00f6jligt).<\/li>\n<li><strong>R\u00e4tt att \u00e5terkalla samtycke<\/strong>: Om du har l\u00e4mnat samtycke till behandling av dina personuppgifter kan du n\u00e4r som helst \u00e5terkalla det (detta p\u00e5verkar inte lagligheten av behandlingen f\u00f6re \u00e5terkallandet).<\/li>\n<\/ol>\n<div class=\"container-Uxvbjy md-box-line-break wrapper-GYqxgQ undefined\"><\/div>\n<div class=\"auto-hide-last-sibling-br paragraph-pP9ZLC paragraph-element br-paragraph-space\">F\u00f6r att ut\u00f6va dessa r\u00e4ttigheter, v\u00e4nligen kontakta oss med hj\u00e4lp av uppgifterna i avsnitt 9. Vi kommer att besvara din beg\u00e4ran inom 30 dagar (eller enligt vad som kr\u00e4vs enligt lag) och kan beg\u00e4ra identitetsbevis f\u00f6r att verifiera din beg\u00e4ran.<\/div>\n<h2 class=\"header-iWP5WJ auto-hide-last-sibling-br\">8. L\u00e4nkar till tredje part<\/h2>\n<div class=\"auto-hide-last-sibling-br paragraph-pP9ZLC paragraph-element br-paragraph-space\">Webbplatsen kan inneh\u00e5lla l\u00e4nkar till tredje parts webbplatser (t.ex. logistikleverant\u00f6rer, betalningsgateways). Denna sekretesspolicy g\u00e4ller inte f\u00f6r tredje parts webbplatser och vi ansvarar inte f\u00f6r sekretesspraxis eller inneh\u00e5ll p\u00e5 s\u00e5dana webbplatser. Vi uppmuntrar dig att granska sekretesspolicyn f\u00f6r alla tredjepartswebbplatser som du bes\u00f6ker.<\/div>\n<h2 class=\"header-iWP5WJ auto-hide-last-sibling-br\">9. Kontakta oss<\/h2>\n<div class=\"auto-hide-last-sibling-br paragraph-pP9ZLC paragraph-element br-paragraph-space\">Om du har n\u00e5gra fr\u00e5gor, funderingar eller \u00f6nskem\u00e5l ang\u00e5ende denna integritetspolicy eller v\u00e5r datapraxis, v\u00e4nligen kontakta oss:<\/div>\n<div class=\"container-Uxvbjy md-box-line-break wrapper-GYqxgQ undefined\"><\/div>\n<ul class=\"auto-hide-last-sibling-br\">\n<li>E-post: manager@comliker.com<\/li>\n<li>Telefon: +86 +86 15989024320<\/li>\n<li>Adress: No. 808, Building E1, Design Capital, No. 7 Hexian North Street, Helong Street No. 808, Building E1, Design Capital, No. 7 Hexian North Street, Helong Street, Baiyun District, Guangzhou City, Guangdong Province, P.R. China<\/li>\n<\/ul>\n<h2 class=\"header-iWP5WJ auto-hide-last-sibling-br\">10. \u00c4ndringar av denna integritetspolicy<\/h2>\n<div class=\"auto-hide-last-sibling-br paragraph-pP9ZLC paragraph-element br-paragraph-space\">Vi f\u00f6rbeh\u00e5ller oss r\u00e4tten att n\u00e4r som helst uppdatera eller \u00e4ndra denna integritetspolicy. \u00c4ndringar kommer att publiceras p\u00e5 webbplatsen med det uppdaterade \u201cSenast uppdaterad\u201d-datumet och tr\u00e4der i kraft omedelbart efter publiceringen. Om du forts\u00e4tter att anv\u00e4nda webbplatsen eller anv\u00e4nda v\u00e5ra tj\u00e4nster efter att \u00e4ndringar har gjorts inneb\u00e4r det att du godk\u00e4nner den reviderade integritetspolicyn. Vi rekommenderar att du granskar denna policy regelbundet f\u00f6r att h\u00e5lla dig informerad om v\u00e5r datapraxis.<\/div>\n<div class=\"container-Uxvbjy md-box-line-break wrapper-GYqxgQ undefined\"><\/div>\n<div class=\"auto-hide-last-sibling-br paragraph-pP9ZLC paragraph-element br-paragraph-space\"><strong>Alla r\u00e4ttigheter f\u00f6rbeh\u00e5lls COMLIKER<\/strong><\/div>","protected":false},"excerpt":{"rendered":"<p>1. Introduction COMLIKER (\u201cwe\u201d, \u201cus\u201d, \u201cour\u201d) is committed to protecting the privacy and security of your personal information. This Privacy Policy explains how we collect, use, disclose, store, and protect personal information obtained through our website (https:\/\/comliker.com\/, the \u201cSite\u201d), as well as in the course of our business interactions (including order placement, product inquiries, and [&hellip;]<\/p>","protected":false},"author":1,"featured_media":0,"parent":0,"menu_order":0,"comment_status":"closed","ping_status":"closed","template":"","meta":{"_acf_changed":false,"footnotes":""},"class_list":["post-1385","page","type-page","status-publish","hentry"],"acf":[],"yoast_head":"<!-- This site is optimized with the Yoast SEO plugin v27.4 - https:\/\/yoast.com\/product\/yoast-seo-wordpress\/ -->\n<title>Privacy Policy - comliker.com<\/title>\n<meta name=\"robots\" content=\"index, follow, max-snippet:-1, max-image-preview:large, max-video-preview:-1\" \/>\n<link rel=\"canonical\" href=\"https:\/\/comliker.com\/sv\/integritetspolicy-2\/\" \/>\n<meta property=\"og:locale\" content=\"sv_SE\" \/>\n<meta property=\"og:type\" content=\"article\" \/>\n<meta property=\"og:title\" content=\"Privacy Policy - comliker.com\" \/>\n<meta property=\"og:description\" content=\"1. Introduction COMLIKER (\u201cwe\u201d, \u201cus\u201d, \u201cour\u201d) is committed to protecting the privacy and security of your personal information. This Privacy Policy explains how we collect, use, disclose, store, and protect personal information obtained through our website (https:\/\/comliker.com\/, the \u201cSite\u201d), as well as in the course of our business interactions (including order placement, product inquiries, and [&hellip;]\" \/>\n<meta property=\"og:url\" content=\"https:\/\/comliker.com\/sv\/integritetspolicy-2\/\" \/>\n<meta property=\"og:site_name\" content=\"comliker.com\" \/>\n<meta property=\"article:modified_time\" content=\"2025-11-29T05:29:50+00:00\" \/>\n<meta name=\"twitter:card\" content=\"summary_large_image\" \/>\n<meta name=\"twitter:label1\" content=\"Ber\u00e4knad l\u00e4stid\" \/>\n\t<meta name=\"twitter:data1\" content=\"6 minuter\" \/>\n<script type=\"application\/ld+json\" class=\"yoast-schema-graph\">{\"@context\":\"https:\\\/\\\/schema.org\",\"@graph\":[{\"@type\":\"WebPage\",\"@id\":\"https:\\\/\\\/comliker.com\\\/privacy-policy-2\\\/\",\"url\":\"https:\\\/\\\/comliker.com\\\/privacy-policy-2\\\/\",\"name\":\"Privacy Policy - comliker.com\",\"isPartOf\":{\"@id\":\"https:\\\/\\\/comliker.com\\\/#website\"},\"datePublished\":\"2025-11-29T04:41:17+00:00\",\"dateModified\":\"2025-11-29T05:29:50+00:00\",\"breadcrumb\":{\"@id\":\"https:\\\/\\\/comliker.com\\\/privacy-policy-2\\\/#breadcrumb\"},\"inLanguage\":\"sv-SE\",\"potentialAction\":[{\"@type\":\"ReadAction\",\"target\":[\"https:\\\/\\\/comliker.com\\\/privacy-policy-2\\\/\"]}]},{\"@type\":\"BreadcrumbList\",\"@id\":\"https:\\\/\\\/comliker.com\\\/privacy-policy-2\\\/#breadcrumb\",\"itemListElement\":[{\"@type\":\"ListItem\",\"position\":1,\"name\":\"Home\",\"item\":\"https:\\\/\\\/comliker.com\\\/\"},{\"@type\":\"ListItem\",\"position\":2,\"name\":\"Privacy Policy\"}]},{\"@type\":\"WebSite\",\"@id\":\"https:\\\/\\\/comliker.com\\\/#website\",\"url\":\"https:\\\/\\\/comliker.com\\\/\",\"name\":\"comliker.com\",\"description\":\"\",\"publisher\":{\"@id\":\"https:\\\/\\\/comliker.com\\\/#organization\"},\"potentialAction\":[{\"@type\":\"SearchAction\",\"target\":{\"@type\":\"EntryPoint\",\"urlTemplate\":\"https:\\\/\\\/comliker.com\\\/?s={search_term_string}\"},\"query-input\":{\"@type\":\"PropertyValueSpecification\",\"valueRequired\":true,\"valueName\":\"search_term_string\"}}],\"inLanguage\":\"sv-SE\"},{\"@type\":\"Organization\",\"@id\":\"https:\\\/\\\/comliker.com\\\/#organization\",\"name\":\"comliker.com\",\"url\":\"https:\\\/\\\/comliker.com\\\/\",\"logo\":{\"@type\":\"ImageObject\",\"inLanguage\":\"sv-SE\",\"@id\":\"https:\\\/\\\/comliker.com\\\/#\\\/schema\\\/logo\\\/image\\\/\",\"url\":\"https:\\\/\\\/comliker.com\\\/wp-content\\\/uploads\\\/2025\\\/11\\\/logo.png\",\"contentUrl\":\"https:\\\/\\\/comliker.com\\\/wp-content\\\/uploads\\\/2025\\\/11\\\/logo.png\",\"width\":800,\"height\":255,\"caption\":\"comliker.com\"},\"image\":{\"@id\":\"https:\\\/\\\/comliker.com\\\/#\\\/schema\\\/logo\\\/image\\\/\"}}]}<\/script>\n<!-- \/ Yoast SEO plugin. -->","yoast_head_json":{"title":"Integritetspolicy - comliker.com","robots":{"index":"index","follow":"follow","max-snippet":"max-snippet:-1","max-image-preview":"max-image-preview:large","max-video-preview":"max-video-preview:-1"},"canonical":"https:\/\/comliker.com\/sv\/integritetspolicy-2\/","og_locale":"sv_SE","og_type":"article","og_title":"Privacy Policy - comliker.com","og_description":"1. Introduction COMLIKER (\u201cwe\u201d, \u201cus\u201d, \u201cour\u201d) is committed to protecting the privacy and security of your personal information. This Privacy Policy explains how we collect, use, disclose, store, and protect personal information obtained through our website (https:\/\/comliker.com\/, the \u201cSite\u201d), as well as in the course of our business interactions (including order placement, product inquiries, and [&hellip;]","og_url":"https:\/\/comliker.com\/sv\/integritetspolicy-2\/","og_site_name":"comliker.com","article_modified_time":"2025-11-29T05:29:50+00:00","twitter_card":"summary_large_image","twitter_misc":{"Ber\u00e4knad l\u00e4stid":"6 minuter"},"schema":{"@context":"https:\/\/schema.org","@graph":[{"@type":"WebPage","@id":"https:\/\/comliker.com\/privacy-policy-2\/","url":"https:\/\/comliker.com\/privacy-policy-2\/","name":"Integritetspolicy - comliker.com","isPartOf":{"@id":"https:\/\/comliker.com\/#website"},"datePublished":"2025-11-29T04:41:17+00:00","dateModified":"2025-11-29T05:29:50+00:00","breadcrumb":{"@id":"https:\/\/comliker.com\/privacy-policy-2\/#breadcrumb"},"inLanguage":"sv-SE","potentialAction":[{"@type":"ReadAction","target":["https:\/\/comliker.com\/privacy-policy-2\/"]}]},{"@type":"BreadcrumbList","@id":"https:\/\/comliker.com\/privacy-policy-2\/#breadcrumb","itemListElement":[{"@type":"ListItem","position":1,"name":"Home","item":"https:\/\/comliker.com\/"},{"@type":"ListItem","position":2,"name":"Privacy Policy"}]},{"@type":"WebSite","@id":"https:\/\/comliker.com\/#website","url":"https:\/\/comliker.com\/","name":"comliker.com","description":"","publisher":{"@id":"https:\/\/comliker.com\/#organization"},"potentialAction":[{"@type":"SearchAction","target":{"@type":"EntryPoint","urlTemplate":"https:\/\/comliker.com\/?s={search_term_string}"},"query-input":{"@type":"PropertyValueSpecification","valueRequired":true,"valueName":"search_term_string"}}],"inLanguage":"sv-SE"},{"@type":"Organization","@id":"https:\/\/comliker.com\/#organization","name":"comliker.com","url":"https:\/\/comliker.com\/","logo":{"@type":"ImageObject","inLanguage":"sv-SE","@id":"https:\/\/comliker.com\/#\/schema\/logo\/image\/","url":"https:\/\/comliker.com\/wp-content\/uploads\/2025\/11\/logo.png","contentUrl":"https:\/\/comliker.com\/wp-content\/uploads\/2025\/11\/logo.png","width":800,"height":255,"caption":"comliker.com"},"image":{"@id":"https:\/\/comliker.com\/#\/schema\/logo\/image\/"}}]}},"_hostinger_reach_plugin_has_subscription_block":false,"_hostinger_reach_plugin_is_elementor":false,"_links":{"self":[{"href":"https:\/\/comliker.com\/sv\/wp-json\/wp\/v2\/pages\/1385","targetHints":{"allow":["GET"]}}],"collection":[{"href":"https:\/\/comliker.com\/sv\/wp-json\/wp\/v2\/pages"}],"about":[{"href":"https:\/\/comliker.com\/sv\/wp-json\/wp\/v2\/types\/page"}],"author":[{"embeddable":true,"href":"https:\/\/comliker.com\/sv\/wp-json\/wp\/v2\/users\/1"}],"replies":[{"embeddable":true,"href":"https:\/\/comliker.com\/sv\/wp-json\/wp\/v2\/comments?post=1385"}],"version-history":[{"count":3,"href":"https:\/\/comliker.com\/sv\/wp-json\/wp\/v2\/pages\/1385\/revisions"}],"predecessor-version":[{"id":1401,"href":"https:\/\/comliker.com\/sv\/wp-json\/wp\/v2\/pages\/1385\/revisions\/1401"}],"wp:attachment":[{"href":"https:\/\/comliker.com\/sv\/wp-json\/wp\/v2\/media?parent=1385"}],"curies":[{"name":"wp","href":"https:\/\/api.w.org\/{rel}","templated":true}]}}