{"id":87,"date":"2025-10-29T10:58:13","date_gmt":"2025-10-29T10:58:13","guid":{"rendered":"https:\/\/comliker.com\/?page_id=87"},"modified":"2025-12-03T07:32:36","modified_gmt":"2025-12-03T07:32:36","slug":"video","status":"publish","type":"page","link":"https:\/\/comliker.com\/pt\/video\/","title":{"rendered":"V\u00eddeo"},"content":{"rendered":"<div data-elementor-type=\"wp-page\" data-elementor-id=\"87\" class=\"elementor elementor-87\" data-elementor-post-type=\"page\">\n\t\t\t\t<div class=\"elementor-element elementor-element-4a3cff8 e-flex e-con-boxed e-con e-parent\" data-id=\"4a3cff8\" data-element_type=\"container\" data-settings=\"{&quot;background_background&quot;:&quot;classic&quot;}\">\n\t\t\t\t\t<div class=\"e-con-inner\">\n\t\t\t\t<div class=\"elementor-element elementor-element-c3e2d4a elementor-invisible elementor-widget elementor-widget-heading\" data-id=\"c3e2d4a\" data-element_type=\"widget\" data-settings=\"{&quot;_animation&quot;:&quot;fadeInUp&quot;}\" data-widget_type=\"heading.default\">\n\t\t\t\t\t<h2 class=\"elementor-heading-title elementor-size-default\">Car Film Videos<\/h2>\t\t\t\t<\/div>\n\t\t\t\t<div class=\"elementor-element elementor-element-2d38434 elementor-widget elementor-widget-text-editor\" data-id=\"2d38434\" data-element_type=\"widget\" data-widget_type=\"text-editor.default\">\n\t\t\t\t\t\t\t\t\t<p>Do you want to learn more about PPF TPU film and Widow Tint product details in a vivid way? Browse videos to find the perfect ones for your business, including their appearance, specifications, presentation effects, and technical guides on proper installation and operation procedures.<\/p>\t\t\t\t\t\t\t\t<\/div>\n\t\t\t\t<div class=\"elementor-element elementor-element-3a276da elementor-widget elementor-widget-text-editor\" data-id=\"3a276da\" data-element_type=\"widget\" data-widget_type=\"text-editor.default\">\n\t\t\t\t\t\t\t\t\t<p><a href=\"#\">In\u00edcio<\/a> &#8211; Videos<\/p>\t\t\t\t\t\t\t\t<\/div>\n\t\t\t\t\t<\/div>\n\t\t\t\t<\/div>\n\t\t<div class=\"elementor-element elementor-element-d53794f e-flex e-con-boxed e-con e-parent\" data-id=\"d53794f\" data-element_type=\"container\">\n\t\t\t\t\t<div class=\"e-con-inner\">\n\t\t\t\t<div class=\"elementor-element elementor-element-5357ef9 e-n-tabs-none elementor-widget elementor-widget-n-tabs\" data-id=\"5357ef9\" data-element_type=\"widget\" data-settings=\"{&quot;tabs_justify_horizontal&quot;:&quot;start&quot;,&quot;tabs_justify_horizontal_mobile&quot;:&quot;center&quot;,&quot;horizontal_scroll&quot;:&quot;disable&quot;}\" data-widget_type=\"nested-tabs.default\">\n\t\t\t\t\t\t\t<div class=\"e-n-tabs\" data-widget-number=\"87391993\" aria-label=\"Sekmeler. Enter ve Space ile \u00f6geleri a\u00e7abilir, Escape ile \u00f6geleri kapatabilir ve Y\u00f6n tu\u015flar\u0131 ile \u00f6geler aras\u0131nda gezinebilirsiniz.\" data-no-translation-aria-label=\"\">\n\t\t\t<div class=\"e-n-tabs-heading\" role=\"tablist\">\n\t\t\t\t\t<button id=\"e-n-tab-title-873919931\" data-tab-title-id=\"e-n-tab-title-873919931\" class=\"e-n-tab-title\" aria-selected=\"true\" data-tab-index=\"1\" role=\"tab\" tabindex=\"0\" aria-controls=\"e-n-tab-content-873919931\" style=\"--n-tabs-title-order: 1;\">\n\t\t\t\t\t\t<span class=\"e-n-tab-title-text\">\n\t\t\t\tpaint protect film\t\t\t<\/span>\n\t\t<\/button>\n\t\t\t\t<button id=\"e-n-tab-title-873919932\" data-tab-title-id=\"e-n-tab-title-873919932\" class=\"e-n-tab-title\" aria-selected=\"false\" data-tab-index=\"2\" role=\"tab\" tabindex=\"-1\" aria-controls=\"e-n-tab-content-873919932\" style=\"--n-tabs-title-order: 2;\">\n\t\t\t\t\t\t<span class=\"e-n-tab-title-text\">\n\t\t\t\tpel\u00edcula de brilho para vidros\t\t\t<\/span>\n\t\t<\/button>\n\t\t\t\t\t<\/div>\n\t\t\t<div class=\"e-n-tabs-content\">\n\t\t\t\t<div id=\"e-n-tab-content-873919931\" role=\"tabpanel\" aria-labelledby=\"e-n-tab-title-873919931\" data-tab-index=\"1\" style=\"--n-tabs-title-order: 1;\" class=\"e-active elementor-element elementor-element-cfb7da9 e-con-full e-flex e-con e-child\" data-id=\"cfb7da9\" data-element_type=\"container\">\n\t\t<div class=\"elementor-element elementor-element-b5aa60d e-flex e-con-boxed e-con e-child\" data-id=\"b5aa60d\" data-element_type=\"container\">\n\t\t\t\t\t<div class=\"e-con-inner\">\n\t\t<div class=\"elementor-element elementor-element-f8ba610 e-con-full e-flex e-con e-child\" data-id=\"f8ba610\" data-element_type=\"container\">\n\t\t\t\t<div class=\"elementor-element elementor-element-64f7e55 elementor-widget elementor-widget-video\" data-id=\"64f7e55\" data-element_type=\"widget\" data-settings=\"{&quot;youtube_url&quot;:&quot;https:\\\/\\\/youtu.be\\\/HoHNgntU6wA&quot;,&quot;lazy_load&quot;:&quot;yes&quot;,&quot;video_type&quot;:&quot;youtube&quot;,&quot;controls&quot;:&quot;yes&quot;}\" data-widget_type=\"video.default\">\n\t\t\t\t\t\t\t<div class=\"elementor-wrapper elementor-open-inline\">\n\t\t\t<div class=\"elementor-video\"><\/div>\t\t<\/div>\n\t\t\t\t\t\t<\/div>\n\t\t\t\t<div class=\"elementor-element elementor-element-7cc4ed6 elementor-widget elementor-widget-heading\" data-id=\"7cc4ed6\" data-element_type=\"widget\" data-widget_type=\"heading.default\">\n\t\t\t\t\t<h3 class=\"elementor-heading-title elementor-size-default\">Installation of Car TPU PPF Film\n<\/h3>\t\t\t\t<\/div>\n\t\t\t\t<\/div>\n\t\t<div class=\"elementor-element elementor-element-4cecb4c e-con-full e-flex e-con e-child\" data-id=\"4cecb4c\" data-element_type=\"container\">\n\t\t\t\t<div class=\"elementor-element elementor-element-e02b686 elementor-widget elementor-widget-video\" data-id=\"e02b686\" data-element_type=\"widget\" data-settings=\"{&quot;youtube_url&quot;:&quot;https:\\\/\\\/youtu.be\\\/1s-vf_VxVg4&quot;,&quot;lazy_load&quot;:&quot;yes&quot;,&quot;video_type&quot;:&quot;youtube&quot;,&quot;controls&quot;:&quot;yes&quot;}\" data-widget_type=\"video.default\">\n\t\t\t\t\t\t\t<div class=\"elementor-wrapper elementor-open-inline\">\n\t\t\t<div class=\"elementor-video\"><\/div>\t\t<\/div>\n\t\t\t\t\t\t<\/div>\n\t\t\t\t<div class=\"elementor-element elementor-element-7b235fa elementor-widget elementor-widget-heading\" data-id=\"7b235fa\" data-element_type=\"widget\" data-widget_type=\"heading.default\">\n\t\t\t\t\t<h3 class=\"elementor-heading-title elementor-size-default\">Color TPU PPF film For Car\n<\/h3>\t\t\t\t<\/div>\n\t\t\t\t<\/div>\n\t\t<div class=\"elementor-element elementor-element-ef27b66 e-con-full e-flex e-con e-child\" data-id=\"ef27b66\" data-element_type=\"container\">\n\t\t\t\t<div class=\"elementor-element elementor-element-5ae4bce elementor-widget elementor-widget-video\" data-id=\"5ae4bce\" data-element_type=\"widget\" data-settings=\"{&quot;youtube_url&quot;:&quot;https:\\\/\\\/youtube.com\\\/shorts\\\/KH6c2-OeO3g?feature=share&quot;,&quot;lazy_load&quot;:&quot;yes&quot;,&quot;video_type&quot;:&quot;youtube&quot;,&quot;controls&quot;:&quot;yes&quot;}\" data-widget_type=\"video.default\">\n\t\t\t\t\t\t\t<div class=\"elementor-wrapper elementor-open-inline\">\n\t\t\t<div class=\"elementor-video\"><\/div>\t\t<\/div>\n\t\t\t\t\t\t<\/div>\n\t\t\t\t<div class=\"elementor-element elementor-element-a529242 elementor-widget elementor-widget-heading\" data-id=\"a529242\" data-element_type=\"widget\" data-widget_type=\"heading.default\">\n\t\t\t\t\t<h3 class=\"elementor-heading-title elementor-size-default\">Good car film Dreamy volcanic ash color TPU PPF film for Tesla<\/h3>\t\t\t\t<\/div>\n\t\t\t\t<\/div>\n\t\t<div class=\"elementor-element elementor-element-4a958cd e-con-full e-flex e-con e-child\" data-id=\"4a958cd\" data-element_type=\"container\">\n\t\t\t\t<div class=\"elementor-element elementor-element-53b1c08 elementor-widget elementor-widget-video\" data-id=\"53b1c08\" data-element_type=\"widget\" data-settings=\"{&quot;youtube_url&quot;:&quot;https:\\\/\\\/youtu.be\\\/FZlFRg2x0VY&quot;,&quot;lazy_load&quot;:&quot;yes&quot;,&quot;video_type&quot;:&quot;youtube&quot;,&quot;controls&quot;:&quot;yes&quot;}\" data-widget_type=\"video.default\">\n\t\t\t\t\t\t\t<div class=\"elementor-wrapper elementor-open-inline\">\n\t\t\t<div class=\"elementor-video\"><\/div>\t\t<\/div>\n\t\t\t\t\t\t<\/div>\n\t\t\t\t<div class=\"elementor-element elementor-element-1b50380 elementor-widget elementor-widget-heading\" data-id=\"1b50380\" data-element_type=\"widget\" data-widget_type=\"heading.default\">\n\t\t\t\t\t<h3 class=\"elementor-heading-title elementor-size-default\">TPU PPF car film Hydrophobicity and self-healing testing<\/h3>\t\t\t\t<\/div>\n\t\t\t\t<\/div>\n\t\t<div class=\"elementor-element elementor-element-afa747a e-con-full e-flex e-con e-child\" data-id=\"afa747a\" data-element_type=\"container\">\n\t\t\t\t<div class=\"elementor-element elementor-element-849991e elementor-widget elementor-widget-video\" data-id=\"849991e\" data-element_type=\"widget\" data-settings=\"{&quot;youtube_url&quot;:&quot;https:\\\/\\\/youtu.be\\\/w-J0wURmDoI&quot;,&quot;lazy_load&quot;:&quot;yes&quot;,&quot;video_type&quot;:&quot;youtube&quot;,&quot;controls&quot;:&quot;yes&quot;}\" data-widget_type=\"video.default\">\n\t\t\t\t\t\t\t<div class=\"elementor-wrapper elementor-open-inline\">\n\t\t\t<div class=\"elementor-video\"><\/div>\t\t<\/div>\n\t\t\t\t\t\t<\/div>\n\t\t\t\t<div class=\"elementor-element elementor-element-579922f elementor-widget elementor-widget-heading\" data-id=\"579922f\" data-element_type=\"widget\" data-widget_type=\"heading.default\">\n\t\t\t\t\t<h3 class=\"elementor-heading-title elementor-size-default\">Top Quality 10 Years Warranty Self Healing TPU PPF Film For Car<\/h3>\t\t\t\t<\/div>\n\t\t\t\t<\/div>\n\t\t<div class=\"elementor-element elementor-element-8a32ffb e-con-full e-flex e-con e-child\" data-id=\"8a32ffb\" data-element_type=\"container\">\n\t\t\t\t<div class=\"elementor-element elementor-element-1daee43 elementor-widget elementor-widget-video\" data-id=\"1daee43\" data-element_type=\"widget\" data-settings=\"{&quot;youtube_url&quot;:&quot;https:\\\/\\\/youtube.com\\\/shorts\\\/TQsxLg3hmL0?feature=share&quot;,&quot;lazy_load&quot;:&quot;yes&quot;,&quot;video_type&quot;:&quot;youtube&quot;,&quot;controls&quot;:&quot;yes&quot;}\" data-widget_type=\"video.default\">\n\t\t\t\t\t\t\t<div class=\"elementor-wrapper elementor-open-inline\">\n\t\t\t<div class=\"elementor-video\"><\/div>\t\t<\/div>\n\t\t\t\t\t\t<\/div>\n\t\t\t\t<div class=\"elementor-element elementor-element-795495d elementor-widget elementor-widget-heading\" data-id=\"795495d\" data-element_type=\"widget\" data-widget_type=\"heading.default\">\n\t\t\t\t\t<h3 class=\"elementor-heading-title elementor-size-default\">TPU PPF white Film for car Range Rover<\/h3>\t\t\t\t<\/div>\n\t\t\t\t<\/div>\n\t\t\t\t\t<\/div>\n\t\t\t\t<\/div>\n\t\t\t\t<\/div>\n\t\t<div id=\"e-n-tab-content-873919932\" role=\"tabpanel\" aria-labelledby=\"e-n-tab-title-873919932\" data-tab-index=\"2\" style=\"--n-tabs-title-order: 2;\" class=\"elementor-element elementor-element-6144668 e-con-full e-flex e-con e-child\" data-id=\"6144668\" data-element_type=\"container\">\n\t\t<div class=\"elementor-element elementor-element-15b6c17 e-flex e-con-boxed e-con e-child\" data-id=\"15b6c17\" data-element_type=\"container\">\n\t\t\t\t\t<div class=\"e-con-inner\">\n\t\t<div class=\"elementor-element elementor-element-686dfc3 e-con-full e-flex e-con e-child\" data-id=\"686dfc3\" data-element_type=\"container\">\n\t\t\t\t<div class=\"elementor-element elementor-element-5a6e8c4 elementor-widget elementor-widget-video\" data-id=\"5a6e8c4\" data-element_type=\"widget\" data-settings=\"{&quot;youtube_url&quot;:&quot;https:\\\/\\\/youtube.com\\\/shorts\\\/alu5vBAUbM8?feature=share&quot;,&quot;lazy_load&quot;:&quot;yes&quot;,&quot;video_type&quot;:&quot;youtube&quot;,&quot;controls&quot;:&quot;yes&quot;}\" data-widget_type=\"video.default\">\n\t\t\t\t\t\t\t<div class=\"elementor-wrapper elementor-open-inline\">\n\t\t\t<div class=\"elementor-video\"><\/div>\t\t<\/div>\n\t\t\t\t\t\t<\/div>\n\t\t\t\t<div class=\"elementor-element elementor-element-4a2acef elementor-widget elementor-widget-heading\" data-id=\"4a2acef\" data-element_type=\"widget\" data-widget_type=\"heading.default\">\n\t\t\t\t\t<h3 class=\"elementor-heading-title elementor-size-default\">How to quickly install car window tint film\uff1f\n<\/h3>\t\t\t\t<\/div>\n\t\t\t\t<\/div>\n\t\t<div class=\"elementor-element elementor-element-7b5158d e-con-full e-flex e-con e-child\" data-id=\"7b5158d\" data-element_type=\"container\">\n\t\t\t\t<div class=\"elementor-element elementor-element-b7a9f10 elementor-widget elementor-widget-video\" data-id=\"b7a9f10\" data-element_type=\"widget\" data-settings=\"{&quot;youtube_url&quot;:&quot;https:\\\/\\\/youtube.com\\\/shorts\\\/VcT3Dn6Ezzc?feature=share&quot;,&quot;lazy_load&quot;:&quot;yes&quot;,&quot;video_type&quot;:&quot;youtube&quot;,&quot;controls&quot;:&quot;yes&quot;}\" data-widget_type=\"video.default\">\n\t\t\t\t\t\t\t<div class=\"elementor-wrapper elementor-open-inline\">\n\t\t\t<div class=\"elementor-video\"><\/div>\t\t<\/div>\n\t\t\t\t\t\t<\/div>\n\t\t\t\t<div class=\"elementor-element elementor-element-b1f6fef elementor-widget elementor-widget-heading\" data-id=\"b1f6fef\" data-element_type=\"widget\" data-widget_type=\"heading.default\">\n\t\t\t\t\t<h3 class=\"elementor-heading-title elementor-size-default\">Easy DIY install window tint on a car\n<\/h3>\t\t\t\t<\/div>\n\t\t\t\t<\/div>\n\t\t<div class=\"elementor-element elementor-element-67dca0c e-con-full e-flex e-con e-child\" data-id=\"67dca0c\" data-element_type=\"container\">\n\t\t\t\t<div class=\"elementor-element elementor-element-5d9db11 elementor-widget elementor-widget-video\" data-id=\"5d9db11\" data-element_type=\"widget\" data-settings=\"{&quot;youtube_url&quot;:&quot;https:\\\/\\\/youtube.com\\\/shorts\\\/HNh7psbQPnQ?feature=share&quot;,&quot;lazy_load&quot;:&quot;yes&quot;,&quot;video_type&quot;:&quot;youtube&quot;,&quot;controls&quot;:&quot;yes&quot;}\" data-widget_type=\"video.default\">\n\t\t\t\t\t\t\t<div class=\"elementor-wrapper elementor-open-inline\">\n\t\t\t<div class=\"elementor-video\"><\/div>\t\t<\/div>\n\t\t\t\t\t\t<\/div>\n\t\t\t\t<div class=\"elementor-element elementor-element-21342a3 elementor-widget elementor-widget-heading\" data-id=\"21342a3\" data-element_type=\"widget\" data-widget_type=\"heading.default\">\n\t\t\t\t\t<h3 class=\"elementor-heading-title elementor-size-default\">Best chameleon car window tint for heat reduction reduce UV<\/h3>\t\t\t\t<\/div>\n\t\t\t\t<\/div>\n\t\t\t\t\t<\/div>\n\t\t\t\t<\/div>\n\t\t\t\t<\/div>\n\t\t\t\t\t<\/div>\n\t\t<\/div>\n\t\t\t\t\t\t<\/div>\n\t\t\t\t\t<\/div>\n\t\t\t\t<\/div>\n\t\t<div class=\"elementor-element elementor-element-f7831e7 e-flex e-con-boxed e-con e-parent\" data-id=\"f7831e7\" data-element_type=\"container\">\n\t\t\t\t\t<div class=\"e-con-inner\">\n\t\t<div class=\"elementor-element elementor-element-d1bbefd e-con-full e-flex e-con e-child\" data-id=\"d1bbefd\" data-element_type=\"container\">\n\t\t\t\t<div class=\"elementor-element elementor-element-5a9a3d7 elementor-widget elementor-widget-image\" data-id=\"5a9a3d7\" data-element_type=\"widget\" data-widget_type=\"image.default\">\n\t\t\t\t\t\t\t\t\t\t\t\t\t\t\t<img decoding=\"async\" src=\"https:\/\/comliker.com\/wp-content\/uploads\/elementor\/thumbs\/tpu-color-ppf-film-red-req8wocx7t9nv99qzcd6jfibjkctb3zjspy641og3s.webp\" title=\"tpu-color-ppf-film-red\" alt=\"tpu-color-ppf-film-red\" loading=\"lazy\" \/>\t\t\t\t\t\t\t\t\t\t\t\t\t\t\t<\/div>\n\t\t\t\t<\/div>\n\t\t<div class=\"elementor-element elementor-element-130ad3a e-con-full e-flex e-con e-child\" data-id=\"130ad3a\" data-element_type=\"container\">\n\t\t\t\t<div class=\"elementor-element elementor-element-be8b6a8 elementor-invisible elementor-widget elementor-widget-heading\" data-id=\"be8b6a8\" data-element_type=\"widget\" data-settings=\"{&quot;_animation&quot;:&quot;fadeInUp&quot;}\" data-widget_type=\"heading.default\">\n\t\t\t\t\t<h1 class=\"elementor-heading-title elementor-size-default\">Do you want to submit or find more helpful videos?<\/h1>\t\t\t\t<\/div>\n\t\t\t\t<div class=\"elementor-element elementor-element-da8473e elementor-widget elementor-widget-text-editor\" data-id=\"da8473e\" data-element_type=\"widget\" data-widget_type=\"text-editor.default\">\n\t\t\t\t\t\t\t\t\t<p>If you have a better installation process for car film, you can submit it to us to let more people know and spread it to more people in need,<br \/>If you are looking for more helpful knowledge but cannot find it, please contact our staff and we will provide you with more assistance.<\/p>\t\t\t\t\t\t\t\t<\/div>\n\t\t\t\t<div class=\"elementor-element elementor-element-d49fcd1 elementor-mobile-align-center elementor-widget elementor-widget-button\" data-id=\"d49fcd1\" data-element_type=\"widget\" data-widget_type=\"button.default\">\n\t\t\t\t\t\t\t\t\t\t<a class=\"elementor-button elementor-button-link elementor-size-sm\" href=\"#\">\n\t\t\t\t\t\t<span class=\"elementor-button-content-wrapper\">\n\t\t\t\t\t\t\t\t\t<span class=\"elementor-button-text\">Contacte-nos agora<\/span>\n\t\t\t\t\t<\/span>\n\t\t\t\t\t<\/a>\n\t\t\t\t\t\t\t\t<\/div>\n\t\t\t\t<\/div>\n\t\t\t\t\t<\/div>\n\t\t\t\t<\/div>\n\t\t\t\t<\/div>","protected":false},"excerpt":{"rendered":"<p>Car Film Videos Do you want to learn more about PPF TPU film and Widow Tint product details in a vivid way? Browse videos to find the perfect ones for your business, including their appearance, specifications, presentation effects, and technical guides on proper installation and operation procedures. Home &#8211; Videos paint protect film window tint [&hellip;]<\/p>","protected":false},"author":1,"featured_media":0,"parent":0,"menu_order":0,"comment_status":"closed","ping_status":"closed","template":"elementor_header_footer","meta":{"_acf_changed":false,"footnotes":""},"class_list":["post-87","page","type-page","status-publish","hentry"],"acf":[],"yoast_head":"<!-- This site is optimized with the Yoast SEO plugin v26.5 - https:\/\/yoast.com\/wordpress\/plugins\/seo\/ -->\n<title>Watch Video About Car PPF TPU Film And Widow Tint - comliker.com<\/title>\n<meta name=\"description\" content=\"Browse videos to find the perfect video for your business about TPU PPF film and installation process for car film\" \/>\n<meta name=\"robots\" content=\"index, follow, max-snippet:-1, max-image-preview:large, max-video-preview:-1\" \/>\n<link rel=\"canonical\" href=\"https:\/\/comliker.com\/pt\/video\/\" \/>\n<meta property=\"og:locale\" content=\"pt_PT\" \/>\n<meta property=\"og:type\" content=\"article\" \/>\n<meta property=\"og:title\" content=\"Watch Video About Car PPF TPU Film And Widow Tint - comliker.com\" \/>\n<meta property=\"og:description\" content=\"Browse videos to find the perfect video for your business about TPU PPF film and installation process for car film\" \/>\n<meta property=\"og:url\" content=\"https:\/\/comliker.com\/pt\/video\/\" \/>\n<meta property=\"og:site_name\" content=\"comliker.com\" \/>\n<meta property=\"article:modified_time\" content=\"2025-12-03T07:32:36+00:00\" \/>\n<meta property=\"og:image\" content=\"https:\/\/comliker.com\/wp-content\/uploads\/elementor\/thumbs\/tpu-color-ppf-film-red-req8wocx7t9nv99qzcd6jfibjkctb3zjspy641og3s.webp\" \/>\n<meta name=\"twitter:card\" content=\"summary_large_image\" \/>\n<meta name=\"twitter:label1\" content=\"Tempo estimado de leitura\" \/>\n\t<meta name=\"twitter:data1\" content=\"2 minutos\" \/>\n<script type=\"application\/ld+json\" class=\"yoast-schema-graph\">{\"@context\":\"https:\/\/schema.org\",\"@graph\":[{\"@type\":\"WebPage\",\"@id\":\"https:\/\/comliker.com\/video\/\",\"url\":\"https:\/\/comliker.com\/video\/\",\"name\":\"Watch Video About Car PPF TPU Film And Widow Tint - comliker.com\",\"isPartOf\":{\"@id\":\"https:\/\/comliker.com\/#website\"},\"primaryImageOfPage\":{\"@id\":\"https:\/\/comliker.com\/video\/#primaryimage\"},\"image\":{\"@id\":\"https:\/\/comliker.com\/video\/#primaryimage\"},\"thumbnailUrl\":\"https:\/\/comliker.com\/wp-content\/uploads\/elementor\/thumbs\/tpu-color-ppf-film-red-req8wocx7t9nv99qzcd6jfibjkctb3zjspy641og3s.webp\",\"datePublished\":\"2025-10-29T10:58:13+00:00\",\"dateModified\":\"2025-12-03T07:32:36+00:00\",\"description\":\"Browse videos to find the perfect video for your business about TPU PPF film and installation process for car film\",\"breadcrumb\":{\"@id\":\"https:\/\/comliker.com\/video\/#breadcrumb\"},\"inLanguage\":\"pt-PT\",\"potentialAction\":[{\"@type\":\"ReadAction\",\"target\":[\"https:\/\/comliker.com\/video\/\"]}]},{\"@type\":\"ImageObject\",\"inLanguage\":\"pt-PT\",\"@id\":\"https:\/\/comliker.com\/video\/#primaryimage\",\"url\":\"https:\/\/comliker.com\/wp-content\/uploads\/elementor\/thumbs\/tpu-color-ppf-film-red-req8wocx7t9nv99qzcd6jfibjkctb3zjspy641og3s.webp\",\"contentUrl\":\"https:\/\/comliker.com\/wp-content\/uploads\/elementor\/thumbs\/tpu-color-ppf-film-red-req8wocx7t9nv99qzcd6jfibjkctb3zjspy641og3s.webp\"},{\"@type\":\"BreadcrumbList\",\"@id\":\"https:\/\/comliker.com\/video\/#breadcrumb\",\"itemListElement\":[{\"@type\":\"ListItem\",\"position\":1,\"name\":\"Home\",\"item\":\"https:\/\/comliker.com\/\"},{\"@type\":\"ListItem\",\"position\":2,\"name\":\"Video\"}]},{\"@type\":\"WebSite\",\"@id\":\"https:\/\/comliker.com\/#website\",\"url\":\"https:\/\/comliker.com\/\",\"name\":\"comliker.com\",\"description\":\"\",\"publisher\":{\"@id\":\"https:\/\/comliker.com\/#organization\"},\"potentialAction\":[{\"@type\":\"SearchAction\",\"target\":{\"@type\":\"EntryPoint\",\"urlTemplate\":\"https:\/\/comliker.com\/?s={search_term_string}\"},\"query-input\":{\"@type\":\"PropertyValueSpecification\",\"valueRequired\":true,\"valueName\":\"search_term_string\"}}],\"inLanguage\":\"pt-PT\"},{\"@type\":\"Organization\",\"@id\":\"https:\/\/comliker.com\/#organization\",\"name\":\"comliker.com\",\"url\":\"https:\/\/comliker.com\/\",\"logo\":{\"@type\":\"ImageObject\",\"inLanguage\":\"pt-PT\",\"@id\":\"https:\/\/comliker.com\/#\/schema\/logo\/image\/\",\"url\":\"https:\/\/comliker.com\/wp-content\/uploads\/2025\/11\/logo.png\",\"contentUrl\":\"https:\/\/comliker.com\/wp-content\/uploads\/2025\/11\/logo.png\",\"width\":800,\"height\":255,\"caption\":\"comliker.com\"},\"image\":{\"@id\":\"https:\/\/comliker.com\/#\/schema\/logo\/image\/\"}}]}<\/script>\n<!-- \/ Yoast SEO plugin. -->","yoast_head_json":{"title":"Watch Video About Car PPF TPU Film And Widow Tint - comliker.com","description":"Browse videos to find the perfect video for your business about TPU PPF film and installation process for car film","robots":{"index":"index","follow":"follow","max-snippet":"max-snippet:-1","max-image-preview":"max-image-preview:large","max-video-preview":"max-video-preview:-1"},"canonical":"https:\/\/comliker.com\/pt\/video\/","og_locale":"pt_PT","og_type":"article","og_title":"Watch Video About Car PPF TPU Film And Widow Tint - comliker.com","og_description":"Browse videos to find the perfect video for your business about TPU PPF film and installation process for car film","og_url":"https:\/\/comliker.com\/pt\/video\/","og_site_name":"comliker.com","article_modified_time":"2025-12-03T07:32:36+00:00","og_image":[{"url":"https:\/\/comliker.com\/wp-content\/uploads\/elementor\/thumbs\/tpu-color-ppf-film-red-req8wocx7t9nv99qzcd6jfibjkctb3zjspy641og3s.webp","type":"","width":"","height":""}],"twitter_card":"summary_large_image","twitter_misc":{"Tempo estimado de leitura":"2 minutos"},"schema":{"@context":"https:\/\/schema.org","@graph":[{"@type":"WebPage","@id":"https:\/\/comliker.com\/video\/","url":"https:\/\/comliker.com\/video\/","name":"Watch Video About Car PPF TPU Film And Widow Tint - comliker.com","isPartOf":{"@id":"https:\/\/comliker.com\/#website"},"primaryImageOfPage":{"@id":"https:\/\/comliker.com\/video\/#primaryimage"},"image":{"@id":"https:\/\/comliker.com\/video\/#primaryimage"},"thumbnailUrl":"https:\/\/comliker.com\/wp-content\/uploads\/elementor\/thumbs\/tpu-color-ppf-film-red-req8wocx7t9nv99qzcd6jfibjkctb3zjspy641og3s.webp","datePublished":"2025-10-29T10:58:13+00:00","dateModified":"2025-12-03T07:32:36+00:00","description":"Browse videos to find the perfect video for your business about TPU PPF film and installation process for car film","breadcrumb":{"@id":"https:\/\/comliker.com\/video\/#breadcrumb"},"inLanguage":"pt-PT","potentialAction":[{"@type":"ReadAction","target":["https:\/\/comliker.com\/video\/"]}]},{"@type":"ImageObject","inLanguage":"pt-PT","@id":"https:\/\/comliker.com\/video\/#primaryimage","url":"https:\/\/comliker.com\/wp-content\/uploads\/elementor\/thumbs\/tpu-color-ppf-film-red-req8wocx7t9nv99qzcd6jfibjkctb3zjspy641og3s.webp","contentUrl":"https:\/\/comliker.com\/wp-content\/uploads\/elementor\/thumbs\/tpu-color-ppf-film-red-req8wocx7t9nv99qzcd6jfibjkctb3zjspy641og3s.webp"},{"@type":"BreadcrumbList","@id":"https:\/\/comliker.com\/video\/#breadcrumb","itemListElement":[{"@type":"ListItem","position":1,"name":"Home","item":"https:\/\/comliker.com\/"},{"@type":"ListItem","position":2,"name":"Video"}]},{"@type":"WebSite","@id":"https:\/\/comliker.com\/#website","url":"https:\/\/comliker.com\/","name":"comliker.com","description":"","publisher":{"@id":"https:\/\/comliker.com\/#organization"},"potentialAction":[{"@type":"SearchAction","target":{"@type":"EntryPoint","urlTemplate":"https:\/\/comliker.com\/?s={search_term_string}"},"query-input":{"@type":"PropertyValueSpecification","valueRequired":true,"valueName":"search_term_string"}}],"inLanguage":"pt-PT"},{"@type":"Organization","@id":"https:\/\/comliker.com\/#organization","name":"comliker.com","url":"https:\/\/comliker.com\/","logo":{"@type":"ImageObject","inLanguage":"pt-PT","@id":"https:\/\/comliker.com\/#\/schema\/logo\/image\/","url":"https:\/\/comliker.com\/wp-content\/uploads\/2025\/11\/logo.png","contentUrl":"https:\/\/comliker.com\/wp-content\/uploads\/2025\/11\/logo.png","width":800,"height":255,"caption":"comliker.com"},"image":{"@id":"https:\/\/comliker.com\/#\/schema\/logo\/image\/"}}]}},"_hostinger_reach_plugin_has_subscription_block":false,"_hostinger_reach_plugin_is_elementor":false,"_links":{"self":[{"href":"https:\/\/comliker.com\/pt\/wp-json\/wp\/v2\/pages\/87","targetHints":{"allow":["GET"]}}],"collection":[{"href":"https:\/\/comliker.com\/pt\/wp-json\/wp\/v2\/pages"}],"about":[{"href":"https:\/\/comliker.com\/pt\/wp-json\/wp\/v2\/types\/page"}],"author":[{"embeddable":true,"href":"https:\/\/comliker.com\/pt\/wp-json\/wp\/v2\/users\/1"}],"replies":[{"embeddable":true,"href":"https:\/\/comliker.com\/pt\/wp-json\/wp\/v2\/comments?post=87"}],"version-history":[{"count":59,"href":"https:\/\/comliker.com\/pt\/wp-json\/wp\/v2\/pages\/87\/revisions"}],"predecessor-version":[{"id":1664,"href":"https:\/\/comliker.com\/pt\/wp-json\/wp\/v2\/pages\/87\/revisions\/1664"}],"wp:attachment":[{"href":"https:\/\/comliker.com\/pt\/wp-json\/wp\/v2\/media?parent=87"}],"curies":[{"name":"wp","href":"https:\/\/api.w.org\/{rel}","templated":true}]}}