{"id":1385,"date":"2025-11-29T04:41:17","date_gmt":"2025-11-29T04:41:17","guid":{"rendered":"https:\/\/comliker.com\/?page_id=1385"},"modified":"2025-11-29T05:29:50","modified_gmt":"2025-11-29T05:29:50","slug":"informativa-sulla-privacy-2","status":"publish","type":"page","link":"https:\/\/comliker.com\/it\/informativa-sulla-privacy-2\/","title":{"rendered":"Informativa sulla privacy"},"content":{"rendered":"<div class=\"auto-hide-last-sibling-br paragraph-pP9ZLC paragraph-element br-paragraph-space\">\n<h2>1. Introduzione<\/h2>\n<\/div>\n<div class=\"auto-hide-last-sibling-br paragraph-pP9ZLC paragraph-element br-paragraph-space\">COMLIKER (\u201cnoi\u201d, \u201cci\u201d, \u201cnostro\u201d) si impegna a proteggere la privacy e la sicurezza dei vostri dati personali. La presente Informativa sulla privacy spiega come raccogliamo, utilizziamo, divulghiamo, conserviamo e proteggiamo le informazioni personali ottenute attraverso il nostro sito web (<a class=\"link-bJL8ai\" href=\"https:\/\/comliker.com\/it\/\" target=\"_blank\" rel=\"noopener\">https:\/\/comliker.com\/<\/a>, il \u201cSito\u201d), nonch\u00e9 nel corso delle nostre interazioni commerciali (tra cui l'inoltro di ordini, la richiesta di prodotti e l'assistenza clienti).<\/div>\n<div class=\"container-Uxvbjy md-box-line-break wrapper-GYqxgQ undefined\"><\/div>\n<div class=\"auto-hide-last-sibling-br paragraph-pP9ZLC paragraph-element br-paragraph-space\">Accedendo al Sito, utilizzando i nostri servizi o fornendoci informazioni personali, l'utente acconsente alle pratiche descritte nella presente Informativa sulla privacy, come modificata di volta in volta. Rispettiamo le leggi applicabili in materia di protezione dei dati, tra cui, a titolo esemplificativo e non esaustivo, il Regolamento generale sulla protezione dei dati (GDPR) per i residenti nell'UE e le normative cinesi in materia di protezione dei dati.<\/div>\n<h2 class=\"header-iWP5WJ auto-hide-last-sibling-br\">2. Quali informazioni personali raccogliamo<\/h2>\n<h3 class=\"header-iWP5WJ auto-hide-last-sibling-br\">2.1 Informazioni fornite volontariamente dall'utente<\/h3>\n<div class=\"auto-hide-last-sibling-br paragraph-pP9ZLC paragraph-element br-paragraph-space\">Raccogliamo le informazioni personali che l'utente sceglie di fornirci, tra cui:<\/div>\n<div class=\"container-Uxvbjy md-box-line-break wrapper-GYqxgQ undefined\"><\/div>\n<ul class=\"auto-hide-last-sibling-br\">\n<li><strong>Informazioni di contatto<\/strong>: Nome, nome dell'azienda, indirizzo e-mail, numero di telefono, indirizzo postale e altri dati di contatto (ad esempio, ID WhatsApp\/WeChat) quando si chiedono informazioni sui prodotti, si richiede un preventivo, si effettua un ordine o si contatta l'assistenza clienti.<\/li>\n<li><strong>Informazioni commerciali<\/strong>: Dati di registrazione della societ\u00e0, codici fiscali, indirizzi di spedizione\/ricezione e dati di pagamento (ad esempio, informazioni sul conto bancario, dettagli della lettera di credito) per l'evasione degli ordini e l'elaborazione dei pagamenti.<\/li>\n<li><strong>Dati di comunicazione<\/strong>: Contenuto di e-mail, chiamate o messaggi di chat tra l'utente e il nostro team (ad esempio, specifiche del prodotto, requisiti dell'ordine, richieste di garanzia).<\/li>\n<li><strong>Contenuti generati dagli utenti<\/strong>: Feedback, recensioni o testimonianze da voi inviate sui nostri prodotti\/servizi (se scegliete di fornire il vostro nome\/affiliazione aziendale).<\/li>\n<\/ul>\n<h3 class=\"header-iWP5WJ auto-hide-last-sibling-br\">2.2 Informazioni raccolte automaticamente<\/h3>\n<div class=\"auto-hide-last-sibling-br paragraph-pP9ZLC paragraph-element br-paragraph-space\">Quando accedete al Sito, possiamo raccogliere automaticamente informazioni non identificabili o pseudonime attraverso i cookie e tecnologie di tracciamento simili, tra cui:<\/div>\n<div class=\"container-Uxvbjy md-box-line-break wrapper-GYqxgQ undefined\"><\/div>\n<ul class=\"auto-hide-last-sibling-br\">\n<li>Indirizzo IP, tipo e versione del browser, informazioni sul dispositivo (ad esempio, sistema operativo, risoluzione dello schermo);<\/li>\n<li>Pagine del Sito visitate, tempo trascorso sul Sito e modalit\u00e0 di navigazione;<\/li>\n<li>Fonte di riferimento (ad esempio, il sito web che vi ha collegato al nostro Sito).<\/li>\n<\/ul>\n<div class=\"container-Uxvbjy md-box-line-break wrapper-GYqxgQ undefined\"><\/div>\n<div class=\"auto-hide-last-sibling-br paragraph-pP9ZLC paragraph-element br-paragraph-space\">Questi dati vengono utilizzati esclusivamente per migliorare la funzionalit\u00e0 e l'esperienza dell'utente del Sito e non identificano l'utente personalmente, a meno che non vengano combinati con altre informazioni personali.<\/div>\n<h2 class=\"header-iWP5WJ auto-hide-last-sibling-br\">3. Come utilizziamo i vostri dati personali<\/h2>\n<div class=\"auto-hide-last-sibling-br paragraph-pP9ZLC paragraph-element br-paragraph-space\">Utilizziamo i vostri dati personali per i seguenti scopi commerciali legittimi:<\/div>\n<div class=\"container-Uxvbjy md-box-line-break wrapper-GYqxgQ undefined\"><\/div>\n<ol class=\"auto-hide-last-sibling-br\">\n<li><strong>Elaborazione ed evasione degli ordini<\/strong>: Per elaborare gli ordini, verificare i dettagli del pagamento, organizzare la spedizione\/consegna e fornire aggiornamenti sullo stato dell'ordine.<\/li>\n<li><strong>Assistenza clienti<\/strong>: Rispondere alle vostre richieste, risolvere i problemi, elaborare le richieste di garanzia e fornire assistenza post-vendita.<\/li>\n<li><strong>Comunicazioni aziendali<\/strong>: Per inviarvi preventivi, cataloghi di prodotti, fatture e aggiornamenti relativi ai vostri ordini o ai nostri prodotti\/servizi (potete scegliere di non ricevere comunicazioni promozionali non essenziali in qualsiasi momento).<\/li>\n<li><strong>Miglioramento del sito<\/strong>: Per analizzare i dati di utilizzo, ottimizzare il design e la funzionalit\u00e0 del Sito e garantire la sicurezza dei nostri servizi online.<\/li>\n<li><strong>Conformit\u00e0 agli obblighi legali<\/strong>: Per ottemperare alle leggi, ai regolamenti o ai procedimenti legali applicabili (ad esempio, per la rendicontazione fiscale, per i requisiti doganali, per rispondere alle richieste legittime delle autorit\u00e0).<\/li>\n<li><strong>Interessi commerciali legittimi<\/strong>: Per gestire i nostri rapporti commerciali, prevenire frodi o attivit\u00e0 non autorizzate e mantenere l'integrit\u00e0 delle nostre operazioni.<\/li>\n<\/ol>\n<div class=\"container-Uxvbjy md-box-line-break wrapper-GYqxgQ undefined\"><\/div>\n<div class=\"auto-hide-last-sibling-br paragraph-pP9ZLC paragraph-element br-paragraph-space\">Non utilizzeremo i vostri dati personali per scopi diversi da quelli indicati nella presente Informativa sulla privacy senza il vostro previo consenso.<\/div>\n<h2 class=\"header-iWP5WJ auto-hide-last-sibling-br\">4. Divulgazione delle informazioni personali<\/h2>\n<div class=\"auto-hide-last-sibling-br paragraph-pP9ZLC paragraph-element br-paragraph-space\">Non vendiamo, affittiamo o scambiamo le vostre informazioni personali a terzi per scopi di marketing. Possiamo divulgare i vostri dati personali solo nelle seguenti circostanze:<\/div>\n<div class=\"container-Uxvbjy md-box-line-break wrapper-GYqxgQ undefined\"><\/div>\n<ol class=\"auto-hide-last-sibling-br\">\n<li><strong>Fornitori di servizi<\/strong>: A fornitori di servizi terzi che ci assistono nell'evasione degli ordini, nella spedizione, nell'elaborazione dei pagamenti, nel supporto informatico o nel marketing (ad esempio, societ\u00e0 di logistica, gateway di pagamento, fornitori di servizi e-mail). Questi fornitori sono obbligati per contratto a proteggere le informazioni personali dell'utente e possono utilizzarle solo per eseguire servizi per nostro conto.<\/li>\n<li><strong>Requisiti legali<\/strong>: Quando richiesto da leggi, regolamenti, ordini del tribunale o autorit\u00e0 governative, o per proteggere i nostri diritti, propriet\u00e0 o sicurezza, o i diritti\/sicurezza di altri.<\/li>\n<li><strong>Trasferimenti di attivit\u00e0<\/strong>: In caso di fusione, acquisizione, vendita di attivit\u00e0 o altre ristrutturazioni aziendali, le informazioni personali dell'utente potrebbero essere trasferite all'entit\u00e0 subentrante (l'utente verr\u00e0 informato di tale trasferimento e si assicurer\u00e0 che il subentrante rispetti la presente Informativa sulla privacy).<\/li>\n<li><strong>Con il vostro consenso<\/strong>: Con il vostro esplicito consenso scritto a divulgare le informazioni a una terza parte specifica (ad esempio, il vostro partner logistico o agente designato).<\/li>\n<\/ol>\n<h2 class=\"header-iWP5WJ auto-hide-last-sibling-br\">5. Conservazione dei dati<\/h2>\n<div class=\"auto-hide-last-sibling-br paragraph-pP9ZLC paragraph-element br-paragraph-space\">Conserviamo le informazioni personali dell'utente solo per il tempo necessario a soddisfare gli scopi per cui sono state raccolte, o come richiesto dalla legge.<\/div>\n<div class=\"container-Uxvbjy md-box-line-break wrapper-GYqxgQ undefined\"><\/div>\n<ul class=\"auto-hide-last-sibling-br\">\n<li><strong>Dati dell'ordine\/ transazione<\/strong>: Conservati per 7 anni dopo il completamento della transazione (per rispettare le norme fiscali e contabili).<\/li>\n<li><strong>Dati dell'assistenza clienti<\/strong>: Conservati per 2 anni dopo la risoluzione della richiesta\/reclamo.<\/li>\n<li><strong>Dati di utilizzo del sito<\/strong>: Conservati in forma anonima per un massimo di 1 anno per scopi analitici.<\/li>\n<\/ul>\n<div class=\"container-Uxvbjy md-box-line-break wrapper-GYqxgQ undefined\"><\/div>\n<div class=\"auto-hide-last-sibling-br paragraph-pP9ZLC paragraph-element br-paragraph-space\">Una volta scaduto il periodo di conservazione, elimineremo in modo sicuro o renderemo anonime le vostre informazioni personali per impedirne l'identificazione.<\/div>\n<h2 class=\"header-iWP5WJ auto-hide-last-sibling-br\">6. Sicurezza dei dati<\/h2>\n<div class=\"auto-hide-last-sibling-br paragraph-pP9ZLC paragraph-element br-paragraph-space\">Implementiamo misure di sicurezza tecniche e organizzative adeguate per proteggere i vostri dati personali da accessi non autorizzati, divulgazione, alterazione o distruzione. Tali misure includono:<\/div>\n<div class=\"container-Uxvbjy md-box-line-break wrapper-GYqxgQ undefined\"><\/div>\n<ul class=\"auto-hide-last-sibling-br\">\n<li>Archiviazione sicura dei dati elettronici (server criptati, controlli di accesso);<\/li>\n<li>Audit di sicurezza e aggiornamenti regolari dei nostri sistemi informatici;<\/li>\n<li>Formazione del nostro personale sulle pratiche di protezione dei dati;<\/li>\n<li>Limitazione dell'accesso alle informazioni personali al solo personale autorizzato.<\/li>\n<\/ul>\n<div class=\"container-Uxvbjy md-box-line-break wrapper-GYqxgQ undefined\"><\/div>\n<div class=\"auto-hide-last-sibling-br paragraph-pP9ZLC paragraph-element br-paragraph-space\">Pur adottando misure ragionevoli per proteggere le informazioni dell'utente, nessun metodo di trasmissione su Internet o di archiviazione elettronica \u00e8 100% sicuro. Non possiamo garantire la sicurezza assoluta, ma comunicheremo tempestivamente all'utente e alle autorit\u00e0 competenti qualsiasi violazione dei dati, se richiesto dalla legge.<\/div>\n<h2 class=\"header-iWP5WJ auto-hide-last-sibling-br\">7. Diritti dell'utente (per i residenti nell'UE\/SEE e altri utenti idonei)<\/h2>\n<div class=\"auto-hide-last-sibling-br paragraph-pP9ZLC paragraph-element br-paragraph-space\">Se l'utente \u00e8 residente nell'UE\/SEE o \u00e8 coperto dalle leggi applicabili in materia di protezione dei dati (ad esempio, il GDPR), ha i seguenti diritti in merito alle sue informazioni personali:<\/div>\n<div class=\"container-Uxvbjy md-box-line-break wrapper-GYqxgQ undefined\"><\/div>\n<ol class=\"auto-hide-last-sibling-br\">\n<li><strong>Diritto di accesso<\/strong>: Richiedere una copia dei dati personali in nostro possesso.<\/li>\n<li><strong>Diritto alla correzione<\/strong>: Richiedere la correzione di informazioni personali inesatte o incomplete.<\/li>\n<li><strong>Diritto alla cancellazione<\/strong>: Richiedere la cancellazione dei vostri dati personali (laddove non abbiamo pi\u00f9 una base legale per conservarli).<\/li>\n<li><strong>Diritto alla limitazione del trattamento<\/strong>: Chiedere di limitare l'elaborazione delle informazioni personali (ad esempio, mentre verifichiamo l'accuratezza dei dati).<\/li>\n<li><strong>Diritto alla portabilit\u00e0 dei dati<\/strong>: Richiedere una copia dei propri dati personali in un formato leggibile a macchina (ove tecnicamente possibile).<\/li>\n<li><strong>Diritto di revoca del consenso<\/strong>: Se avete fornito il consenso al trattamento dei vostri dati personali, potete revocarlo in qualsiasi momento (ci\u00f2 non pregiudica la liceit\u00e0 del trattamento prima della revoca).<\/li>\n<\/ol>\n<div class=\"container-Uxvbjy md-box-line-break wrapper-GYqxgQ undefined\"><\/div>\n<div class=\"auto-hide-last-sibling-br paragraph-pP9ZLC paragraph-element br-paragraph-space\">Per esercitare tali diritti, si prega di contattarci utilizzando i dettagli riportati nella Sezione 9. Risponderemo alla vostra richiesta entro 30 giorni (o come richiesto dalla legge) e potremmo richiedere una prova di identit\u00e0 per verificare la vostra richiesta.<\/div>\n<h2 class=\"header-iWP5WJ auto-hide-last-sibling-br\">8. Link di terze parti<\/h2>\n<div class=\"auto-hide-last-sibling-br paragraph-pP9ZLC paragraph-element br-paragraph-space\">Il Sito pu\u00f2 contenere link a siti web di terzi (ad esempio, fornitori di servizi logistici, gateway di pagamento). La presente Informativa sulla privacy non si applica ai siti di terzi e noi non siamo responsabili delle pratiche sulla privacy o dei contenuti di tali siti. Vi invitiamo a prendere visione delle norme sulla privacy dei siti di terzi che visitate.<\/div>\n<h2 class=\"header-iWP5WJ auto-hide-last-sibling-br\">9. Contatti<\/h2>\n<div class=\"auto-hide-last-sibling-br paragraph-pP9ZLC paragraph-element br-paragraph-space\">In caso di domande, dubbi o richieste relative alla presente Informativa sulla privacy o alle nostre pratiche sui dati, vi preghiamo di contattarci:<\/div>\n<div class=\"container-Uxvbjy md-box-line-break wrapper-GYqxgQ undefined\"><\/div>\n<ul class=\"auto-hide-last-sibling-br\">\n<li>Email: manager@comliker.com<\/li>\n<li>Telefono: +86 15989024320<\/li>\n<li>Indirizzo: No. 808, Building E1, Design Capital, No. 7 Hexian North Street, Helong Street, Baiyun District, Guangzhou City, Guangdong Province, P.R. Cina<\/li>\n<\/ul>\n<h2 class=\"header-iWP5WJ auto-hide-last-sibling-br\">10. Modifiche alla presente Informativa sulla privacy<\/h2>\n<div class=\"auto-hide-last-sibling-br paragraph-pP9ZLC paragraph-element br-paragraph-space\">Ci riserviamo il diritto di aggiornare o modificare la presente Informativa sulla privacy in qualsiasi momento. Le modifiche saranno pubblicate sul Sito con la data di \u201cUltimo aggiornamento\u201d ed entreranno in vigore immediatamente dopo la pubblicazione. L'uso continuato del Sito o l'utilizzo dei nostri servizi dopo l'introduzione delle modifiche costituisce l'accettazione dell'Informativa sulla privacy modificata. Si consiglia di rivedere periodicamente questa informativa per rimanere informati sulle nostre pratiche in materia di dati.<\/div>\n<div class=\"container-Uxvbjy md-box-line-break wrapper-GYqxgQ undefined\"><\/div>\n<div class=\"auto-hide-last-sibling-br paragraph-pP9ZLC paragraph-element br-paragraph-space\"><strong>Tutti i diritti riservati da COMLIKER<\/strong><\/div>","protected":false},"excerpt":{"rendered":"<p>1. Introduction COMLIKER (\u201cwe\u201d, \u201cus\u201d, \u201cour\u201d) is committed to protecting the privacy and security of your personal information. This Privacy Policy explains how we collect, use, disclose, store, and protect personal information obtained through our website (https:\/\/comliker.com\/, the \u201cSite\u201d), as well as in the course of our business interactions (including order placement, product inquiries, and [&hellip;]<\/p>","protected":false},"author":1,"featured_media":0,"parent":0,"menu_order":0,"comment_status":"closed","ping_status":"closed","template":"","meta":{"_acf_changed":false,"footnotes":""},"class_list":["post-1385","page","type-page","status-publish","hentry"],"acf":[],"yoast_head":"<!-- This site is optimized with the Yoast SEO plugin v26.5 - https:\/\/yoast.com\/wordpress\/plugins\/seo\/ -->\n<title>Privacy Policy - comliker.com<\/title>\n<meta name=\"robots\" content=\"index, follow, max-snippet:-1, max-image-preview:large, max-video-preview:-1\" \/>\n<link rel=\"canonical\" href=\"https:\/\/comliker.com\/it\/informativa-sulla-privacy-2\/\" \/>\n<meta property=\"og:locale\" content=\"it_IT\" \/>\n<meta property=\"og:type\" content=\"article\" \/>\n<meta property=\"og:title\" content=\"Privacy Policy - comliker.com\" \/>\n<meta property=\"og:description\" content=\"1. Introduction COMLIKER (\u201cwe\u201d, \u201cus\u201d, \u201cour\u201d) is committed to protecting the privacy and security of your personal information. This Privacy Policy explains how we collect, use, disclose, store, and protect personal information obtained through our website (https:\/\/comliker.com\/, the \u201cSite\u201d), as well as in the course of our business interactions (including order placement, product inquiries, and [&hellip;]\" \/>\n<meta property=\"og:url\" content=\"https:\/\/comliker.com\/it\/informativa-sulla-privacy-2\/\" \/>\n<meta property=\"og:site_name\" content=\"comliker.com\" \/>\n<meta property=\"article:modified_time\" content=\"2025-11-29T05:29:50+00:00\" \/>\n<meta name=\"twitter:card\" content=\"summary_large_image\" \/>\n<meta name=\"twitter:label1\" content=\"Tempo di lettura stimato\" \/>\n\t<meta name=\"twitter:data1\" content=\"6 minuti\" \/>\n<script type=\"application\/ld+json\" class=\"yoast-schema-graph\">{\"@context\":\"https:\/\/schema.org\",\"@graph\":[{\"@type\":\"WebPage\",\"@id\":\"https:\/\/comliker.com\/privacy-policy-2\/\",\"url\":\"https:\/\/comliker.com\/privacy-policy-2\/\",\"name\":\"Privacy Policy - comliker.com\",\"isPartOf\":{\"@id\":\"https:\/\/comliker.com\/#website\"},\"datePublished\":\"2025-11-29T04:41:17+00:00\",\"dateModified\":\"2025-11-29T05:29:50+00:00\",\"breadcrumb\":{\"@id\":\"https:\/\/comliker.com\/privacy-policy-2\/#breadcrumb\"},\"inLanguage\":\"it-IT\",\"potentialAction\":[{\"@type\":\"ReadAction\",\"target\":[\"https:\/\/comliker.com\/privacy-policy-2\/\"]}]},{\"@type\":\"BreadcrumbList\",\"@id\":\"https:\/\/comliker.com\/privacy-policy-2\/#breadcrumb\",\"itemListElement\":[{\"@type\":\"ListItem\",\"position\":1,\"name\":\"Home\",\"item\":\"https:\/\/comliker.com\/\"},{\"@type\":\"ListItem\",\"position\":2,\"name\":\"Privacy Policy\"}]},{\"@type\":\"WebSite\",\"@id\":\"https:\/\/comliker.com\/#website\",\"url\":\"https:\/\/comliker.com\/\",\"name\":\"comliker.com\",\"description\":\"\",\"publisher\":{\"@id\":\"https:\/\/comliker.com\/#organization\"},\"potentialAction\":[{\"@type\":\"SearchAction\",\"target\":{\"@type\":\"EntryPoint\",\"urlTemplate\":\"https:\/\/comliker.com\/?s={search_term_string}\"},\"query-input\":{\"@type\":\"PropertyValueSpecification\",\"valueRequired\":true,\"valueName\":\"search_term_string\"}}],\"inLanguage\":\"it-IT\"},{\"@type\":\"Organization\",\"@id\":\"https:\/\/comliker.com\/#organization\",\"name\":\"comliker.com\",\"url\":\"https:\/\/comliker.com\/\",\"logo\":{\"@type\":\"ImageObject\",\"inLanguage\":\"it-IT\",\"@id\":\"https:\/\/comliker.com\/#\/schema\/logo\/image\/\",\"url\":\"https:\/\/comliker.com\/wp-content\/uploads\/2025\/11\/logo.png\",\"contentUrl\":\"https:\/\/comliker.com\/wp-content\/uploads\/2025\/11\/logo.png\",\"width\":800,\"height\":255,\"caption\":\"comliker.com\"},\"image\":{\"@id\":\"https:\/\/comliker.com\/#\/schema\/logo\/image\/\"}}]}<\/script>\n<!-- \/ Yoast SEO plugin. -->","yoast_head_json":{"title":"Informativa sulla privacy - comliker.com","robots":{"index":"index","follow":"follow","max-snippet":"max-snippet:-1","max-image-preview":"max-image-preview:large","max-video-preview":"max-video-preview:-1"},"canonical":"https:\/\/comliker.com\/it\/informativa-sulla-privacy-2\/","og_locale":"it_IT","og_type":"article","og_title":"Privacy Policy - comliker.com","og_description":"1. Introduction COMLIKER (\u201cwe\u201d, \u201cus\u201d, \u201cour\u201d) is committed to protecting the privacy and security of your personal information. This Privacy Policy explains how we collect, use, disclose, store, and protect personal information obtained through our website (https:\/\/comliker.com\/, the \u201cSite\u201d), as well as in the course of our business interactions (including order placement, product inquiries, and [&hellip;]","og_url":"https:\/\/comliker.com\/it\/informativa-sulla-privacy-2\/","og_site_name":"comliker.com","article_modified_time":"2025-11-29T05:29:50+00:00","twitter_card":"summary_large_image","twitter_misc":{"Tempo di lettura stimato":"6 minuti"},"schema":{"@context":"https:\/\/schema.org","@graph":[{"@type":"WebPage","@id":"https:\/\/comliker.com\/privacy-policy-2\/","url":"https:\/\/comliker.com\/privacy-policy-2\/","name":"Informativa sulla privacy - comliker.com","isPartOf":{"@id":"https:\/\/comliker.com\/#website"},"datePublished":"2025-11-29T04:41:17+00:00","dateModified":"2025-11-29T05:29:50+00:00","breadcrumb":{"@id":"https:\/\/comliker.com\/privacy-policy-2\/#breadcrumb"},"inLanguage":"it-IT","potentialAction":[{"@type":"ReadAction","target":["https:\/\/comliker.com\/privacy-policy-2\/"]}]},{"@type":"BreadcrumbList","@id":"https:\/\/comliker.com\/privacy-policy-2\/#breadcrumb","itemListElement":[{"@type":"ListItem","position":1,"name":"Home","item":"https:\/\/comliker.com\/"},{"@type":"ListItem","position":2,"name":"Privacy Policy"}]},{"@type":"WebSite","@id":"https:\/\/comliker.com\/#website","url":"https:\/\/comliker.com\/","name":"comliker.com","description":"","publisher":{"@id":"https:\/\/comliker.com\/#organization"},"potentialAction":[{"@type":"SearchAction","target":{"@type":"EntryPoint","urlTemplate":"https:\/\/comliker.com\/?s={search_term_string}"},"query-input":{"@type":"PropertyValueSpecification","valueRequired":true,"valueName":"search_term_string"}}],"inLanguage":"it-IT"},{"@type":"Organization","@id":"https:\/\/comliker.com\/#organization","name":"comliker.com","url":"https:\/\/comliker.com\/","logo":{"@type":"ImageObject","inLanguage":"it-IT","@id":"https:\/\/comliker.com\/#\/schema\/logo\/image\/","url":"https:\/\/comliker.com\/wp-content\/uploads\/2025\/11\/logo.png","contentUrl":"https:\/\/comliker.com\/wp-content\/uploads\/2025\/11\/logo.png","width":800,"height":255,"caption":"comliker.com"},"image":{"@id":"https:\/\/comliker.com\/#\/schema\/logo\/image\/"}}]}},"_hostinger_reach_plugin_has_subscription_block":false,"_hostinger_reach_plugin_is_elementor":false,"_links":{"self":[{"href":"https:\/\/comliker.com\/it\/wp-json\/wp\/v2\/pages\/1385","targetHints":{"allow":["GET"]}}],"collection":[{"href":"https:\/\/comliker.com\/it\/wp-json\/wp\/v2\/pages"}],"about":[{"href":"https:\/\/comliker.com\/it\/wp-json\/wp\/v2\/types\/page"}],"author":[{"embeddable":true,"href":"https:\/\/comliker.com\/it\/wp-json\/wp\/v2\/users\/1"}],"replies":[{"embeddable":true,"href":"https:\/\/comliker.com\/it\/wp-json\/wp\/v2\/comments?post=1385"}],"version-history":[{"count":3,"href":"https:\/\/comliker.com\/it\/wp-json\/wp\/v2\/pages\/1385\/revisions"}],"predecessor-version":[{"id":1401,"href":"https:\/\/comliker.com\/it\/wp-json\/wp\/v2\/pages\/1385\/revisions\/1401"}],"wp:attachment":[{"href":"https:\/\/comliker.com\/it\/wp-json\/wp\/v2\/media?parent=1385"}],"curies":[{"name":"wp","href":"https:\/\/api.w.org\/{rel}","templated":true}]}}